{"id":807,"date":"2026-01-28T15:11:20","date_gmt":"2026-01-28T14:11:20","guid":{"rendered":"https:\/\/wolfberg.eu\/?post_type=product&#038;p=807"},"modified":"2026-01-28T15:35:29","modified_gmt":"2026-01-28T14:35:29","slug":"trumpf-trubend-7036-b19-2","status":"publish","type":"product","link":"https:\/\/wolfberg.eu\/en\/product\/trumpf-trubend-7036-b19-2\/","title":{"rendered":"TRUMPF TruBend 7036 (B19)"},"content":{"rendered":"<p><strong>G\u00e9p<\/strong><\/p>\n<p>Pr\u00e9ser\u0151: 360 kN<\/p>\n<p>Hajl\u00edt\u00e1si hossz: 1020 mm<\/p>\n<p>Hasznos be\u00e9p\u00edt\u00e9si magass\u00e1g: 295 mm<\/p>\n<p>Szabad oszlopt\u00e1vols\u00e1g: 932 mm<\/p>\n<p>Kiny\u00fal\u00e1s: 150 mm<\/p>\n<p>Munkamagass\u00e1g\u00b9: 1150 mm<\/p>\n<p><strong>Sebess\u00e9gek<\/strong><\/p>\n<p>Y-tengely gyorsj\u00e1rat: 220 mm\/s max. Y-tengely munkaj\u00e1rat\u00b2: 10\u201325 mm\/s Y-tengely vissza\u00e1ll\u00e1s: 220 mm\/s X-tengely: 1000 mm\/s R-tengely: 330 mm\/s Z-tengely: 1000 mm\/s<\/p>\n<p><strong>Pozicion\u00e1l\u00e1si pontoss\u00e1g<\/strong><\/p>\n<p>Z-tengely: 0,06 mm Y-tengely: 0,002 mm X-tengely: 0,02 mm<\/p>\n<p><strong>\u00dctk\u00f6z\u0151z\u00f3na elmozdul\u00e1si \u00e9rt\u00e9kei<\/strong><\/p>\n<p>Y-tengely l\u00f6kete: 120 mm X-tengely elmozdul\u00e1sa: 235 mm max. \u00fctk\u00f6z\u0151 z\u00f3na X-ir\u00e1nyban: 500 mm R-tengely elmozdul\u00e1sa: 75 mm<\/p>\n<p><strong>Vez\u00e9rl\u00e9s<\/strong><\/p>\n<p>Alapterjedelem: Windows XPe, vez\u00e9rl\u00e9s PC-b\u00e1zison, Pentium M 1,1 GHz, 15\"<\/p>\n<p><strong>Csatlakoz\u00e1si \u00e9rt\u00e9kek<\/strong><\/p>\n<p>Elektromos csatlakoz\u00e1s kb.: 6 kVA<\/p>\n<p><strong>M\u00e9retek \u00e9s s\u00falyok<\/strong><\/p>\n<p>Helyig\u00e9ny (hossz\u00fas\u00e1g \u00d7 sz\u00e9less\u00e9g): 1805 \u00d7 1330 mm Magass\u00e1g: 2380 mm S\u00faly: 2600 kg<\/p>\n<p><strong>Fest\u00e9s \/ sz\u00ednez\u00e9s<\/strong><\/p>\n<p>Strukt\u00farlakk: Feh\u00e9r = NCS S 0505 R80B K\u00e9k = kb. RAL-Design 250 20 20 Fekete = RAL 9005 Ez\u00fcst elemek RAL 9006-tal<\/p>","protected":false},"excerpt":{"rendered":"<p><strong>G\u00e9p<\/strong><\/p>\n<ul>\n<li><strong>Stabil g\u00e9pkeret:<\/strong> Hegesztett konstrukci\u00f3, az \u00e1ll\u00f3 \u00e9s \u00fcl\u0151 kezel\u00e9shez fesz\u00fclts\u00e9gmentesen h\u0151kezelve, k\u00e9t oldaloszlopot, asztalt, \u00f6sszek\u00f6t\u0151tart\u00f3t foglal mag\u00e1ba.<\/li>\n<li><strong>Nyom\u00f3gerenda:<\/strong> Fesz\u00fclts\u00e9gmentesen h\u0151kezelve, deform\u00e1ci\u00f3-optimaliz\u00e1lt.<\/li>\n<li><strong>Fels\u0151hajt\u00e1s:<\/strong> Nagyon dinamikus, elektromechanikus k\u00f6zvetlen hajt\u00e1s (Torque-motor), max. 25 mm\/s munkasebess\u00e9g (a kiv\u00e1lasztott s\u00fcllyeszt\u00e9k sz\u00e9less\u00e9gt\u0151l \u00e9s az \u00fczemi ciklust\u00f3l f\u00fcgg\u0151en).<\/li>\n<li><strong>Indukt\u00edv hossz\u00fas\u00e1gm\u00e9r\u0151-rendszer h\u0151m\u00e9rs\u00e9klet-kompenz\u00e1ci\u00f3val<\/strong><\/li>\n<li><strong>Kapcsol\u00f3szekr\u00e9ny-klimatiz\u00e1l\u00e1s:<\/strong> A kapcsol\u00f3szekr\u00e9ny ajtaj\u00e1ban l\u00e9v\u0151 klimatiz\u00e1l\u00e1s megfelel\u0151 \u00fczemi h\u0151m\u00e9rs\u00e9kletet biztos\u00edt a kapcsol\u00f3szekr\u00e9nyben.<\/li>\n<li><strong>Ergonomikus g\u00e9pdesign<\/strong><\/li>\n<\/ul>\n<p><strong>\u00dctk\u00f6z\u0151 rendszer<\/strong><\/p>\n<ul>\n<li><strong>3-tengelyes h\u00e1ts\u00f3 \u00fctk\u00f6z\u0151 rendszer (egy \u00fctk\u00f6z\u0151ujj):<\/strong> Nagyon dinamikus biztons\u00e1gi 3-tengelyes h\u00e1ts\u00f3 \u00fctk\u00f6z\u0151 rendszer. Fogasl\u00e9cl-fogasker\u00e9khajt\u00e1ssal, CNC-vez\u00e9rl\u00e9s\u0171 X-, R- \u00e9s Z-tengelyek szabadon programozhat\u00f3k, \u00e9s ez\u00e1ltal fokozottan \u00e1ll\u00edthat\u00f3 \u00fctk\u00f6z\u00e9si m\u00e9lys\u00e9g \u00e9s magass\u00e1g biztos\u00edtja a nagy pontoss\u00e1got. \u00dcvegsz\u00e1las \u00fctk\u00f6z\u0151ujj, edzett f\u00e9mes \u00fctk\u00f6z\u0151vel.<\/li>\n<\/ul>\n<p><strong>Szersz\u00e1mbefog\u00e1s<\/strong><\/p>\n<ul>\n<li><strong>Fels\u0151 szersz\u00e1mbefog\u00f3:<\/strong> Lehet\u0151v\u00e9 teszi a gyors \u00e9s prec\u00edz szersz\u00e1mcser\u00e9t: vertik\u00e1lisan \u00e9s horizont\u00e1lisan; r\u00f6gz\u00edtett, \u00f6nk\u00f6zpontos\u00edtott.<\/li>\n<\/ul>\n<p><strong>Als\u00f3 szersz\u00e1mbefog\u00f3<\/strong><\/p>\n<p>Egyes V-matric\u00e1k egy speci\u00e1lis lapra ker\u00fclnek. R\u00f6gz\u00edt\u00e9s: k\u00e9zi, edzett fesz\u00edt\u0151le\u00e9c \u00e9s befog\u00f3l\u00e9c.<\/p>\n<p><strong>Biztons\u00e1g<\/strong><\/p>\n<p><strong>Biztons\u00e1gi berendez\u00e9s:<\/strong> Biztos\u00edt\u00e1s v\u00e9sz-\u00e1llj nyom\u00f3gombbal, 2 nyom\u00f3gombos ped\u00e1l az \u00e1ll\u00f3 \u00e9s \u00fcl\u0151 kezel\u00e9sekhez, oldalt tolhat\u00f3 v\u00e9d\u0151ajt\u00f3k \u00e9s egy h\u00e1ts\u00f3 \u00e9s oldals\u00f3 v\u00e9d\u0151burkolat. Az oldals\u00f3 v\u00e9d\u0151burkolat \u00e1tl\u00e1tsz\u00f3, \u00fct\u00e9s\u00e1ll\u00f3 m\u0171anyagb\u00f3l k\u00e9sz\u00fclt. A max. nyom\u00f3gerenda-z\u00e1r\u00f3d\u00e1ssebess\u00e9g kisebb vagy egyenl\u0151 10 mm\/s-mal; CE-jellel rendelkezik. A nyom\u00f3gerenda z\u00e1r\u00f3d\u00e1si sebess\u00e9g nagyobb vagy egyenl\u0151 10 mm\/s-mal (220 mm\/s) az EN 12622 szerint \u2013 a CE-jelnek megfelel\u0151en \u2013 \u00e9rint\u00e9smentesen hat\u00f3 (optoelektronikai) biztons\u00e1gi berendez\u00e9ssel (BendGuard) lehets\u00e9ges.<\/p>\n<p><strong>Vez\u00e9rl\u00e9s<\/strong><\/p>\n<p><strong>TRUMPF TASC 6000:<\/strong> A TRUMPF TASC6000-vez\u00e9rl\u00e9s Windows XPe oper\u00e1ci\u00f3s rendszerre \u00e9p\u00fcl, 1,1 GHz-es Pentium M-mel \u00e9s 15\"-os \u00e9rint\u0151k\u00e9perny\u0151vel, USB-interface-szel, 1 GB RAM mem\u00f3ri\u00e1val. \u00c1ttekinthet\u0151 program- \u00e9s szersz\u00e1mhaszn\u00e1lat. Dial\u00f3gus-vez\u00e9relt numerikus munkahelyi programoz\u00e1s a vez\u00e9rl\u00e9sre. A g\u00e9pi vez\u00e9rl\u00e9s integr\u00e1l\u00e1sa egy vev\u0151i h\u00e1l\u00f3zatba lehets\u00e9ges.<\/p>\n<p><strong>Ki\u00e9p\u00edt\u00e9si fokozatok<\/strong><\/p>\n<p><strong>\u00dctk\u00f6z\u0151 rendszer<\/strong><\/p>\n<p><strong>6-tengelyes h\u00e1ts\u00f3 \u00fctk\u00f6z\u0151 rendszer (2 db \u00fctk\u00f6z\u0151ujj):<\/strong> Mind a 6 tengely egym\u00e1st\u00f3l f\u00fcggetlen\u00fcl mozgathat\u00f3. Az \u00fctk\u00f6z\u00e9si \u00e9l a t\u00e9r minden ir\u00e1ny\u00e1t felveheti: stabil \u00fctk\u00f6z\u00e9si helyzet az aszimmetrikus munkadarabokn\u00e1l, be\u00e1ll\u00edt\u00e1si id\u0151 n\u00e9lk\u00fcli \u00fctk\u00f6z\u0151\u00e1t\u00e1ll\u00edt\u00e1s.<\/p>\n<p><strong>Szersz\u00e1mbefog\u00e1s<\/strong><\/p>\n<p><strong>Szersz\u00e1mbefog\u00e1sok AMADA US-Style fels\u0151szersz\u00e1mokhoz (k\u00e9zi):<\/strong> A gyorscsatlakoz\u00f3val felszerelt k\u00e9zi fels\u0151- \u00e9s als\u00f3 szersz\u00e1mbefog\u00e1s lehet\u0151v\u00e9 teszi az AMADA \u00e9lhajl\u00edt\u00f3szersz\u00e1mok k\u00f6zvetlen felszerel\u00e9s\u00e9t adapterek felhaszn\u00e1l\u00e1sa n\u00e9lk\u00fcl.<\/p>\n<p><strong>Biztons\u00e1g<\/strong><\/p>\n<p><strong>BendGuard (Block-l\u00e9zerrel):<\/strong> Optoelektronikai biztons\u00e1gi berendez\u00e9s, mely gyors \u00e9s biztos hajl\u00edt\u00e1st tesz lehet\u0151v\u00e9. A nyom\u00f3gerenda megengedett sebess\u00e9ge l\u00e1b \u00fczemm\u00f3dban: <strong>220 mm\/s<\/strong><\/p>\n<p><strong>Vez\u00e9rl\u00e9s<\/strong><\/p>\n<p><strong>Grafikus munkahelyi programoz\u00e1s:<\/strong> Kieg\u00e9sz\u00edt\u00e9sk\u00e9ppen a numerikus programoz\u00e1shoz rendelkez\u00e9sre \u00e1ll egy egyszer\u0171 grafikus 2D-programoz\u00e1s. A grafikus munkahelyi programoz\u00e1s lehet\u0151v\u00e9 teszi profilok egyszer\u0171 \u00e9s grafikus l\u00e9trehoz\u00e1s\u00e1t.<\/p>\n<p><strong>Teleservice interneten kereszt\u00fcl modem helyett:<\/strong> El\u0151felt\u00e9tel: Sz\u00e9less\u00e1v\u00fa internetkapcsolat<\/p>\n<p><strong>Szersz\u00e1mrendszer<\/strong><\/p>\n<p><strong>TRUMPF szersz\u00e1mok<\/strong> \u2013 K\u00e9rj\u00fck, hogy legk\u00e9s\u0151bb a h\u00e9t v\u00e9g\u00e9ig legyenek kedvesek specifik\u00e1ci\u00f3ikat koll\u00e9g\u00e1inknak leadni sz\u00edveskedjenek.<\/p>\n<p>&nbsp;<\/p>","protected":false},"featured_media":816,"comment_status":"closed","ping_status":"closed","template":"","meta":{"_acf_changed":false},"product_brand":[49],"product_cat":[70],"product_tag":[],"class_list":{"0":"post-807","1":"product","2":"type-product","3":"status-publish","4":"has-post-thumbnail","6":"product_brand-trumpf","7":"product_cat-elhajlito","9":"first","10":"instock","11":"taxable","12":"shipping-taxable","13":"product-type-simple"},"acf":[],"_links":{"self":[{"href":"https:\/\/wolfberg.eu\/en\/wp-json\/wp\/v2\/product\/807","targetHints":{"allow":["GET"]}}],"collection":[{"href":"https:\/\/wolfberg.eu\/en\/wp-json\/wp\/v2\/product"}],"about":[{"href":"https:\/\/wolfberg.eu\/en\/wp-json\/wp\/v2\/types\/product"}],"replies":[{"embeddable":true,"href":"https:\/\/wolfberg.eu\/en\/wp-json\/wp\/v2\/comments?post=807"}],"wp:featuredmedia":[{"embeddable":true,"href":"https:\/\/wolfberg.eu\/en\/wp-json\/wp\/v2\/media\/816"}],"wp:attachment":[{"href":"https:\/\/wolfberg.eu\/en\/wp-json\/wp\/v2\/media?parent=807"}],"wp:term":[{"taxonomy":"product_brand","embeddable":true,"href":"https:\/\/wolfberg.eu\/en\/wp-json\/wp\/v2\/product_brand?post=807"},{"taxonomy":"product_cat","embeddable":true,"href":"https:\/\/wolfberg.eu\/en\/wp-json\/wp\/v2\/product_cat?post=807"},{"taxonomy":"product_tag","embeddable":true,"href":"https:\/\/wolfberg.eu\/en\/wp-json\/wp\/v2\/product_tag?post=807"}],"curies":[{"name":"wp","href":"https:\/\/api.w.org\/{rel}","templated":true}]}}