{"id":774,"date":"2026-01-27T23:15:37","date_gmt":"2026-01-27T22:15:37","guid":{"rendered":"https:\/\/wolfberg.eu\/?post_type=product&#038;p=774"},"modified":"2026-01-28T12:39:14","modified_gmt":"2026-01-28T11:39:14","slug":"trumpf-trubend-7036-b19","status":"publish","type":"product","link":"https:\/\/wolfberg.eu\/en\/product\/trumpf-trubend-7036-b19\/","title":{"rendered":"TRUMPF TruBend 3100 (B26)"},"content":{"rendered":"<p><strong>G\u00e9p<\/strong><\/p>\n<ul>\n<li>Pr\u00e9ser\u0151: 1000 kN<\/li>\n<li>Hajl\u00edt\u00e1si hossz: 3060 mm<\/li>\n<li>Hasznos be\u00e9p\u00edt\u00e9si magass\u00e1g manu\u00e1lis vagy hidraulikus szersz\u00e1mmegfog\u00e1ssal (Opci\u00f3: be\u00e9p\u00edt\u00e9si magass\u00e1g megnagyobb\u00edt\u00e1sa): 350 mm (500 mm)<\/li>\n<li>Hasznos be\u00e9p\u00edt\u00e9si magass\u00e1g TRUMPF Quick Clamp-pel (Opci\u00f3: be\u00e9p\u00edt\u00e9si magass\u00e1g megnagyobb\u00edt\u00e1sa): 430 mm (580 mm)<\/li>\n<li>Max. t\u00e1vols\u00e1g a nyom\u00f3gerenda als\u00f3 \u00e9le \u00e9s a g\u00e9pasztal fels\u0151 \u00e9le k\u00f6z\u00f6tt (Opci\u00f3: be\u00e9p\u00edt\u00e9si magass\u00e1g megnagyobb\u00edt\u00e1sa): 470 mm (620 mm)<\/li>\n<li>A nyom\u00f3gerenda ferd\u00e9n \u00e1ll\u00edt\u00e1sa: \u00b1 6,5 mm<\/li>\n<li>Szabad oszlopt\u00e1vols\u00e1g: 3384 mm<\/li>\n<li>Asztalsz\u00e9less\u00e9g: 100 mm<\/li>\n<li>Munkamagass\u00e1g\u00b9: 1049\u20131069 mm<\/li>\n<\/ul>\n<p><strong>Sebess\u00e9gek<\/strong><\/p>\n<ul>\n<li>Y-gyorsj\u00e1rat\u00b2: 200 mm\/s<\/li>\n<li>max. Y\u2013munkaj\u00e1rat\u00b3: max. 15 mm\/s<\/li>\n<li>Y-tengely vissza\u00e1ll\u00e1s: 200 mm\/s<\/li>\n<li>X-tengely: 500 mm\/s<\/li>\n<li>R-tengely: 200 mm\/s<\/li>\n<li>Z-tengely: 1000 mm\/s<\/li>\n<\/ul>\n<p><strong>Pozicion\u00e1l\u00e1si pontoss\u00e1g<\/strong><\/p>\n<ul>\n<li>Y-tengely: 0,01 mm<\/li>\n<li>X-tengely: 0,05 mm<\/li>\n<li>R-tengely: 0,1 mm<\/li>\n<\/ul>\n<p><strong>Elmozdul\u00e1si utak, \u00fctk\u00f6z\u0151z\u00f3na<\/strong><\/p>\n<ul>\n<li>Y-tengely l\u00f6kete (Opci\u00f3: \u201eBe\u00e9p\u00edt\u00e9si magass\u00e1g megnagyobb\u00edt\u00e1sa\u201d): 200 mm (350 mm)<\/li>\n<li>X-tengely elmozdul\u00e1sa: 600 mm<\/li>\n<li>max. \u00fctk\u00f6z\u0151 z\u00f3na X-ir\u00e1nyban: 860 mm<\/li>\n<li>R-tengely elmozdul\u00e1sa: 150 mm<\/li>\n<\/ul>\n<p><strong>Vez\u00e9rl\u00e9s<\/strong><\/p>\n<ul>\n<li>Alapterjedelem: T3500T Multi-Touch-vez\u00e9rl\u00e9s<\/li>\n<\/ul>\n<p><strong>Csatlakoz\u00e1si \u00e9rt\u00e9kek<\/strong><\/p>\n<ul>\n<li>Csatlakoz\u00e1si teljes\u00edtm\u00e9ny (IEC) kb.: 20 kVA<\/li>\n<\/ul>\n<p><strong>M\u00e9retek \u00e9s s\u00falyok<\/strong><\/p>\n<ul>\n<li>Helyig\u00e9ny (hossz\u00fas\u00e1g x sz\u00e9less\u00e9g): 3607 x 1644 mm<\/li>\n<li>Magass\u00e1g (Opci\u00f3: be\u00e9p\u00edt\u00e9si magass\u00e1g megnagyobb\u00edt\u00e1sa): 2370 mm (2700 mm)<\/li>\n<li>S\u00faly (Opci\u00f3: \u201eBe\u00e9p\u00edt\u00e9si magass\u00e1g megnagyobb\u00edt\u00e1sa\u201d): 7700 kg (8300 kg)<\/li>\n<\/ul>\n<p><strong>Fest\u00e9s \/ sz\u00ednez\u00e9s<\/strong><\/p>\n<ul>\n<li>Strukt\u00faralak: Feh\u00e9r = NCS S 0505 R80B<\/li>\n<li>K\u00e9k = kb. RAL-Design 250 20 20<\/li>\n<li>Fekete = RAL 9005; Ez\u00fcst elemek RAL 9006-tal<\/li>\n<\/ul>","protected":false},"excerpt":{"rendered":"<p><strong>Z\u00e1rt g\u00e9pkeret<\/strong><\/p>\n<p>\u2013 A robusztus g\u00e9ptest egy hegesztett konstrukci\u00f3b\u00f3l \u00e1ll: egy g\u00e9pasztalb\u00f3l, k\u00e9t oldaloszlopb\u00f3l \u00e9s k\u00e9t p\u00e1rhuzamos fels\u0151 keresztir\u00e1ny\u00fa \u00f6sszek\u00f6t\u00e9sb\u0151l. \u2013 A g\u00e9p teljes hajl\u00edt\u00e1si hossza korl\u00e1tlanul haszn\u00e1lhat\u00f3. \u2013 A kompakt fel\u00e9p\u00edt\u00e9s minim\u00e1lis helyig\u00e9nyt sz\u00fcks\u00e9geltet.<\/p>\n<p><strong>Nyom\u00f3gerenda<\/strong><\/p>\n<p>\u2013 A nyom\u00f3gerenda nagy hajl\u00edt\u00e1si szil\u00e1rds\u00e1g\u00e1val t\u0171nik ki, \u00e9s \u00edgy pontos hajl\u00edt\u00e1si eredm\u00e9nyt biztos\u00edt. \u2013 A nyom\u00f3gerenda k\u00e9toldal\u00fa, duplag\u00f6rg\u0151s csap\u00e1gyakon van vezetve. \u2013 Magas \u00e9s konstans hajl\u00edt\u00e1si pontoss\u00e1g \u00e9rhet\u0151 el az edzett l\u00e9cek \u00e9s ut\u00f3lagosan \u00e1ll\u00edthat\u00f3 holtj\u00e1t\u00e9k be\u00e1ll\u00edt\u00e1ssal.<\/p>\n<p><strong>Nyom\u00f3gerenda szf\u00e9rikus felf\u00fcggeszt\u00e9se a nyom\u00f3gerenda ferd\u00e9n \u00e1ll\u00edt\u00e1s\u00e1val<\/strong><\/p>\n<p>\u2013 A nyom\u00f3gerenda \u00e9s henger szf\u00e9rikus \u00f6sszek\u00f6t\u00e9se. \u2013 A nyom\u00f3gerend\u00e1t ferd\u00e9re lehet \u00e1ll\u00edtani. \u2013 A ferd\u00e9n \u00e1ll\u00edt\u00e1s lehet\u0151v\u00e9 teszi t\u00f6lcs\u00e9rek gy\u00e1rt\u00e1s\u00e1t \u00e9s egyszer\u0171 kont\u00farok el\u0151\u00e1ll\u00edt\u00e1s\u00e1t hossz\u00fa profilok eset\u00e9n. \u2013 A szf\u00e9rikus felf\u00fcggeszt\u00e9s megakad\u00e1lyozza a henger s\u00e9r\u00fcl\u00e9s\u00e9t (olajfoly\u00e1s) a nyom\u00f3gerenda ferd\u00e9n \u00e1ll\u00edt\u00e1s\u00e1nak erej\u00e9vel.<\/p>\n<p><strong>Elektrohidraulikus fels\u0151hajt\u00e1s (IE3 motor)<\/strong><\/p>\n<p>\u2013 A hengerek egzakt egy\u00fctt mozg\u00e1sa az elektrohidraulikus, 2 hengeres proporcion\u00e1lis szelepekkel ell\u00e1tott fels\u0151hajt\u00e1snak k\u00f6sz\u00f6nhet\u0151.<\/p>\n<p><strong>Blokkhidraulika<\/strong><\/p>\n<p>\u2013 Nagy pontoss\u00e1g \u00e9s egyforma nyom\u00f3gerenda mozg\u00e1s a zajszeg\u00e9ny, nagynyom\u00e1s\u00fa bels\u0151 fogasker\u00e9k szivatty\u00faval ell\u00e1tott blokkhidraulik\u00e1val. \u2013 A nagy tengelysebess\u00e9g (Y-gyorsj\u00e1rat, Y-visszah\u00faz\u00e1s \u00e9s Y-munkaj\u00e1rat) lehet\u0151v\u00e9 teszik a magas termel\u00e9kenys\u00e9get.<\/p>\n<p><strong>Y-tengelym\u00e9r\u0151 rendszer<\/strong><\/p>\n<p>\u2013 A nyom\u00f3gerenda (Y-tengely) nagy pozicion\u00e1l\u00e1si pontoss\u00e1ga a prec\u00edzi\u00f3s \u00fcveg-m\u00e9r\u0151l\u00e9ccel biztos\u00edtott.<\/p>\n<p><strong>Hidraulikaolaj felt\u00f6lt\u00e9s (\u00e9lettartamra sz\u00f3l\u00f3 ken\u00e9s)<\/strong><\/p>\n<p>\u2013 A g\u00e9pet felt\u00f6lt\u00f6tt olajtart\u00e1llyal sz\u00e1ll\u00edtj\u00e1k. \u2013 A magas \u00e9lettartam\u00fa olajtartalom 10 \u00e9v, \u00e9s norm\u00e1l kezel\u00e9s mellett az olajcsere sz\u00fcks\u00e9gtelen.<\/p>\n<p><strong>Olajh\u0171t\u0151<\/strong><\/p>\n<p>\u2013 Az olajh\u0171t\u0151 megakad\u00e1lyozza a h\u0151m\u00e9rs\u00e9klet emelked\u00e9s\u00e9t a fels\u0151hajt\u00e1s \u00e9s blokkhidraulika m\u0171k\u00f6d\u00e9se sor\u00e1n, ez\u00e1ltal n\u00f6veli az \u00e9lettartamot.<\/p>\n<p><strong>2-tengelyes h\u00e1ts\u00f3 \u00fctk\u00f6z\u0151 rendszer (X \u00e9s R)<\/strong><\/p>\n<p>\u2013 Az X- \u00e9s R-tengely szabadon programozhat\u00f3, \u00e9s lehet\u0151v\u00e9 teszi az \u00fctk\u00f6z\u00e9si m\u00e9lys\u00e9gek \u00e9s magass\u00e1gok fokozatmentes be\u00e1ll\u00edt\u00e1s\u00e1t. \u2013 A tengelyek pozicion\u00e1l\u00e1si pontoss\u00e1g\u00e1nak k\u00f6sz\u00f6nhet\u0151en prec\u00edz \u00fctk\u00f6z\u00e9si hosszok \u00e9rhet\u0151k el. \u2013 Az \u00fctk\u00f6z\u0151ujjak biztons\u00e1gosan, manu\u00e1lisan a hajl\u00edt\u00e1si vonal el\u0151tt Z-ir\u00e1nyban eltolhat\u00f3k. \u2013 A magas tengelysebess\u00e9gek nagy termel\u00e9kenys\u00e9get tesznek lehet\u0151v\u00e9.<\/p>\n<p><strong>\u00dctk\u00f6z\u0151ujj (2 darab)<\/strong><\/p>\n<p>\u2013 Kop\u00e1s\u00e1ll\u00f3 \u00fctk\u00f6z\u0151ujjak biztos\u00edtj\u00e1k a konstans \u00fctk\u00f6z\u00e9si hosszokat. \u2013 A munkadarab h\u00e1rom k\u00fcl\u00f6nb\u00f6z\u0151 poz\u00edci\u00f3ban \u00fctk\u00f6ztethet\u0151. \u2013 A nagy munkadarabok egyszer\u0171 \u00fctk\u00f6ztet\u00e9se az \u00fctk\u00f6z\u0151ujjra t\u00f6rt\u00e9n\u0151 felfektet\u00e9ssel.<\/p>\n<p>&nbsp;<\/p>\n<p><strong>Szersz\u00e1mbefog\u00e1s<\/strong><\/p>\n<p><strong>TRUMPF manu\u00e1lis fels\u0151 szersz\u00e1mbefog\u00f3:<\/strong> \u2013 Az egy darabb\u00f3l \u00e1ll\u00f3 szersz\u00e1mbefog\u00e1s imbuszcsavarokkal van r\u00f6gz\u00edtve, \u00e9s a szersz\u00e1mot automatikusan k\u00f6zpontos\u00edtja. \u2013 A fej- \u00e9s a v\u00e1llneh\u00e9z szersz\u00e1mok horizont\u00e1lisan \u00e9s vertik\u00e1lisan (Safety Click) megfoghat\u00f3k, valamint 180 fokban elforgatva behelyezhet\u0151k.<\/p>\n<p><strong>TRUMPF manu\u00e1lis als\u00f3 szersz\u00e1mbefog\u00f3:<\/strong> \u2013 Az als\u00f3 szersz\u00e1mbefog\u00e1s imbuszcsavarokkal van r\u00f6gz\u00edtve, \u00e9s a szersz\u00e1mot automatikusan k\u00f6zpontos\u00edtja. \u2013 A megfog\u00f3elemek edzettek.<\/p>\n<p><strong>Bomb\u00edroz\u00e1s<\/strong><\/p>\n<p><strong>Kombin\u00e1lt CNC-vez\u00e9relt \u00e9s \u00f6nszab\u00e1lyoz\u00f3 bomb\u00edroz\u00f3 rendszer:<\/strong> \u2013 A bomb\u00edroz\u00e1s kompenz\u00e1lja a nyom\u00f3er\u0151m\u00e9r\u00e9s \u00e9s nyom\u00f3sz\u00e1r \u00e1thajl\u00e1s\u00e1t a hajl\u00edt\u00e1si folyamat alatt, ez\u00e1ltal konstans hajl\u00edt\u00e1si sz\u00f6get biztos\u00edt a teljes hajl\u00edt\u00e1si hosszon. \u2013 A bomb\u00edroz\u00e1s be\u00e1ll\u00edt\u00e1sa \u00f6n\u00e1ll\u00f3an t\u00f6rt\u00e9nik, a bomb\u00edroz\u00f3 egys\u00e9g az asztalba integr\u00e1lt CNC-vez\u00e9relt hidraulikus hengerrel m\u0171k\u00f6dik.<\/p>\n<p><strong>Biztons\u00e1g<\/strong><\/p>\n<p><strong>L\u00e1pped\u00e1l:<\/strong> \u2013 A l\u00e1pped\u00e1l tart\u00f3j\u00e1nak \u00e9s k\u00f6nny\u0171 s\u00faly\u00e1nak k\u00f6sz\u00f6nhet\u0151en k\u00f6nnyen poz\u00edcion\u00e1lhat\u00f3. \u2013 Funkci\u00f3i: \u201eV\u00e9sz-Tart!\u201d a l\u00f6kethosszhoz, \u201eNyom\u00f3gerenda-Fel\u201d \u00e9s \u201eV\u00e9sz-\u00c1llj\u201d ut\u00f3kapcsol\u00f3.<\/p>\n<p><strong>Standard biztons\u00e1gi berendez\u00e9s:<\/strong> \u2013 Oldalra eltolhat\u00f3 v\u00e9d\u0151ajt\u00f3k elektronikus ellen\u0151rz\u00e9ssel, amelyek megakad\u00e1lyozz\u00e1k az oldalir\u00e1ny\u00fa beny\u00fal\u00e1st a munkat\u00e9rbe. \u2013 A h\u00e1ts\u00f3 v\u00e9d\u0151ajt\u00f3 elektronikus ellen\u0151rz\u00e9ssel lehet\u0151v\u00e9 teszi a g\u00e9p bels\u0151 ter\u00e9be val\u00f3 bejut\u00e1st. \u2013 Biztos\u00edt\u00e1s \u201eV\u00e9sz-\u00c1llj\u201d nyom\u00f3gombbal. \u2013 A g\u00e9p CE-jellel rendelkezik.<\/p>\n<p><strong>Vez\u00e9rl\u00e9s<\/strong><\/p>\n<p><strong>Intuit\u00edv T3500T Multi-Touch-vez\u00e9rl\u00e9s:<\/strong> \u2013 Kezel\u0151bar\u00e1t 17\u201d-os Multi-Touch vez\u00e9rl\u00e9s integr\u00e1lt szersz\u00e1madatbankkal \u00e9s USB-interf\u00e9sszel. \u2013 Az infrav\u00f6r\u00f6s \u00e9rint\u0151s technol\u00f3gia lehet\u0151v\u00e9 teszi a keszty\u0171ben t\u00f6rt\u00e9n\u0151 kezel\u00e9st. \u2013 Numerikus vagy grafikus CNC-hajl\u00edt\u00f3programok k\u00e9sz\u00edthet\u0151k. \u2013 A grafikus programoz\u00e1s automatikusan kisz\u00e1m\u00edtja a hajl\u00edt\u00e1si sorrendet \u00e9s param\u00e9tereket egy grafikusan megjelen\u00edtett term\u00e9k alapj\u00e1n. \u2013 A TruTops Bend-del programozott hajl\u00edt\u00f3programok egyszer\u0171en bet\u00f6lthet\u0151k a vez\u00e9rl\u00e9sbe. \u2013 Az eltolhat\u00f3 \u00e9s elforgathat\u00f3 tart\u00f3karoknak k\u00f6sz\u00f6nhet\u0151en a vez\u00e9rl\u00e9s a kezel\u0151 ig\u00e9nyeihez igaz\u00edthat\u00f3.<\/p>\n<p><strong>Integr\u00e1lt TRUMPF technol\u00f3giai adatok:<\/strong> \u2013 A vez\u00e9rl\u00e9s minden hajl\u00edt\u00e1si param\u00e9tert a TRUMPF technol\u00f3giai adatb\u00e1zis alapj\u00e1n sz\u00e1mol standard szersz\u00e1mokkal. \u2013 Vev\u0151 \u00e1ltal defini\u00e1lt anyagok vagy szersz\u00e1mok bet\u00f6lt\u00e9se lehets\u00e9ges.<\/p>\n<p>&nbsp;<\/p>\n<p><strong>B\u0151v\u00edtett g\u00e9pfelszerelts\u00e9g<\/strong><\/p>\n<p><strong>BendGuard:<\/strong> \u2013 Optoelektronikai biztons\u00e1gi berendez\u00e9s, amely gyors \u00e9s biztons\u00e1gos hajl\u00edt\u00e1st tesz lehet\u0151v\u00e9. \u2013 A maxim\u00e1lis Y-gyorsj\u00e1rat sebess\u00e9ge tiszt\u00e1n l\u00e1b \u00fczemm\u00f3dban nincs korl\u00e1tozva. \u2013 A szersz\u00e1mmagass\u00e1g egyszer\u0171en \u00e9s gyorsan be\u00e1ll\u00edthat\u00f3 r\u00e1csos megold\u00e1ssal, s\u00falykiegyenl\u00edt\u00e9ssel. \u2013 A BendGuard az oldals\u00f3 szersz\u00e1moz\u00e1si folyamatokhoz egyszer\u0171en h\u00e1tratolhat\u00f3, \u00fajraszerel\u00e9s n\u00e9lk\u00fcl. \u2013 A BendGuard \u00e9rz\u00e9ketlen a l\u00f6k\u00e9sre (leszerel\u00e9s), mivel a h\u00e1z elektronik\u00e1ja nincs r\u00e1kapcsolva.<\/p>\n<p><strong>Asztalkonzol (2 darab):<\/strong> \u2013 Az asztalkonzolok Z- \u00e9s R-ir\u00e1nyban manu\u00e1lisan \u00e1ll\u00edthat\u00f3k, \u00e9s gyorsbefog\u00f3val r\u00f6gz\u00edthet\u0151k. \u2013 Megk\u00f6nny\u00edtik a nagy \u00e9s neh\u00e9z munkadarabok kezel\u00e9s\u00e9t, illetve t\u00e1rol\u00f3fel\u00fcletk\u00e9nt is szolg\u00e1lnak a k\u00e9sz darabok sz\u00e1m\u00e1ra. \u2013 Tart\u00f3er\u0151: 70 kg konzolonk\u00e9nt.<\/p>\n<p><strong>LED-munkater\u00fclet megvil\u00e1g\u00edt\u00e1s el\u00f6l \u00e9s h\u00e1tul:<\/strong> \u2013 A g\u00e9pbels\u0151 \u00e9s a g\u00e9p el\u0151tti munkat\u00e9r kiv\u00e1l\u00f3 megvil\u00e1g\u00edt\u00e1sa. \u2013 Modern LED-technol\u00f3gia: energiatakar\u00e9kos, nem melegszik, \u00e9s rendk\u00edv\u00fcl hossz\u00fa \u00e9lettartam\u00fa.<\/p>\n<p><strong>DXF import:<\/strong> \u2013 DXF rajzok beolvas\u00e1sa a 2D-vez\u00e9rl\u00e9sbe.<\/p>","protected":false},"featured_media":801,"comment_status":"closed","ping_status":"closed","template":"","meta":{"_acf_changed":false},"product_brand":[49],"product_cat":[70],"product_tag":[],"class_list":{"0":"post-774","1":"product","2":"type-product","3":"status-publish","4":"has-post-thumbnail","6":"product_brand-trumpf","7":"product_cat-elhajlito","9":"first","10":"instock","11":"taxable","12":"shipping-taxable","13":"product-type-simple"},"acf":[],"_links":{"self":[{"href":"https:\/\/wolfberg.eu\/en\/wp-json\/wp\/v2\/product\/774","targetHints":{"allow":["GET"]}}],"collection":[{"href":"https:\/\/wolfberg.eu\/en\/wp-json\/wp\/v2\/product"}],"about":[{"href":"https:\/\/wolfberg.eu\/en\/wp-json\/wp\/v2\/types\/product"}],"replies":[{"embeddable":true,"href":"https:\/\/wolfberg.eu\/en\/wp-json\/wp\/v2\/comments?post=774"}],"wp:featuredmedia":[{"embeddable":true,"href":"https:\/\/wolfberg.eu\/en\/wp-json\/wp\/v2\/media\/801"}],"wp:attachment":[{"href":"https:\/\/wolfberg.eu\/en\/wp-json\/wp\/v2\/media?parent=774"}],"wp:term":[{"taxonomy":"product_brand","embeddable":true,"href":"https:\/\/wolfberg.eu\/en\/wp-json\/wp\/v2\/product_brand?post=774"},{"taxonomy":"product_cat","embeddable":true,"href":"https:\/\/wolfberg.eu\/en\/wp-json\/wp\/v2\/product_cat?post=774"},{"taxonomy":"product_tag","embeddable":true,"href":"https:\/\/wolfberg.eu\/en\/wp-json\/wp\/v2\/product_tag?post=774"}],"curies":[{"name":"wp","href":"https:\/\/api.w.org\/{rel}","templated":true}]}}