{"id":532,"date":"2025-12-17T10:07:56","date_gmt":"2025-12-17T09:07:56","guid":{"rendered":"https:\/\/wolfberg.eu\/?post_type=product&#038;p=532"},"modified":"2025-12-17T10:16:11","modified_gmt":"2025-12-17T09:16:11","slug":"trulaser-3030-fiber-3040-fiber-3060-fiber-3080-fiber","status":"publish","type":"product","link":"https:\/\/wolfberg.eu\/en\/product\/trulaser-3030-fiber-3040-fiber-3060-fiber-3080-fiber\/","title":{"rendered":"TruLaser 3030 fiber \/ 3040 fiber \/ 3060 fiber \/ 3080 fiber"},"content":{"rendered":"<p>A mindentud\u00f3 \u2013 maxim\u00e1lis rugalmass\u00e1gra tervezt\u00e9k<\/p>\n<p>Sokoldal\u00fa alkalmaz\u00e1s, \u00e9s mindig gazdas\u00e1gos - az optim\u00e1lis funkci\u00f3terjedelemnek \u00e9s a z\u00f6kken\u0151mentes integr\u00e1l\u00e1snak k\u00f6sz\u00f6nhet\u0151en.<\/p>","protected":false},"excerpt":{"rendered":"<p>A mindentud\u00f3 \u2013 maxim\u00e1lis rugalmass\u00e1gra tervezt\u00e9k Sokoldal\u00fa alkalmaz\u00e1s, \u00e9s mindig gazdas\u00e1gos - az optim\u00e1lis funkci\u00f3terjedelemnek \u00e9s a z\u00f6kken\u0151mentes integr\u00e1l\u00e1snak k\u00f6sz\u00f6nhet\u0151en.<\/p>","protected":false},"featured_media":533,"comment_status":"open","ping_status":"closed","template":"","meta":{"_acf_changed":false},"product_brand":[28],"product_cat":[15],"product_tag":[],"class_list":{"0":"post-532","1":"product","2":"type-product","3":"status-publish","4":"has-post-thumbnail","6":"product_brand-trulaser","7":"product_cat-egyeb","9":"first","10":"instock","11":"taxable","12":"shipping-taxable","13":"product-type-simple"},"acf":[],"_links":{"self":[{"href":"https:\/\/wolfberg.eu\/en\/wp-json\/wp\/v2\/product\/532","targetHints":{"allow":["GET"]}}],"collection":[{"href":"https:\/\/wolfberg.eu\/en\/wp-json\/wp\/v2\/product"}],"about":[{"href":"https:\/\/wolfberg.eu\/en\/wp-json\/wp\/v2\/types\/product"}],"replies":[{"embeddable":true,"href":"https:\/\/wolfberg.eu\/en\/wp-json\/wp\/v2\/comments?post=532"}],"wp:featuredmedia":[{"embeddable":true,"href":"https:\/\/wolfberg.eu\/en\/wp-json\/wp\/v2\/media\/533"}],"wp:attachment":[{"href":"https:\/\/wolfberg.eu\/en\/wp-json\/wp\/v2\/media?parent=532"}],"wp:term":[{"taxonomy":"product_brand","embeddable":true,"href":"https:\/\/wolfberg.eu\/en\/wp-json\/wp\/v2\/product_brand?post=532"},{"taxonomy":"product_cat","embeddable":true,"href":"https:\/\/wolfberg.eu\/en\/wp-json\/wp\/v2\/product_cat?post=532"},{"taxonomy":"product_tag","embeddable":true,"href":"https:\/\/wolfberg.eu\/en\/wp-json\/wp\/v2\/product_tag?post=532"}],"curies":[{"name":"wp","href":"https:\/\/api.w.org\/{rel}","templated":true}]}}