{"id":530,"date":"2025-12-17T10:07:02","date_gmt":"2025-12-17T09:07:02","guid":{"rendered":"https:\/\/wolfberg.eu\/?post_type=product&#038;p=530"},"modified":"2025-12-17T10:16:29","modified_gmt":"2025-12-17T09:16:29","slug":"trulaser-1000-sorozat-lean-edition","status":"publish","type":"product","link":"https:\/\/wolfberg.eu\/en\/product\/trulaser-1000-sorozat-lean-edition\/","title":{"rendered":"TruLaser 1000 sorozat Lean Edition"},"content":{"rendered":"<p>Egyszer\u0171 l\u00e9zerv\u00e1g\u00e1s - lean \u00e9s nagy teljes\u00edtm\u00e9ny\u0171!<\/p>\n<p>Cs\u00f6kkentett, a maxim\u00e1lis hat\u00e9konys\u00e1g \u00e9rdek\u00e9ben, intuit\u00edv kezel\u00e9ssel - robusztus, kiv\u00e1l\u00f3 min\u0151s\u00e9g\u0171, biztons\u00e1gos!<\/p>","protected":false},"excerpt":{"rendered":"<p>Egyszer\u0171 l\u00e9zerv\u00e1g\u00e1s - lean \u00e9s nagy teljes\u00edtm\u00e9ny\u0171! Cs\u00f6kkentett, a maxim\u00e1lis hat\u00e9konys\u00e1g \u00e9rdek\u00e9ben, intuit\u00edv kezel\u00e9ssel - robusztus, kiv\u00e1l\u00f3 min\u0151s\u00e9g\u0171, biztons\u00e1gos!<\/p>","protected":false},"featured_media":531,"comment_status":"open","ping_status":"closed","template":"","meta":{"_acf_changed":false},"product_brand":[28],"product_cat":[78,77],"product_tag":[],"class_list":{"0":"post-530","1":"product","2":"type-product","3":"status-publish","4":"has-post-thumbnail","6":"product_brand-trulaser","7":"product_cat-2d-lezervagogepek-osszes-uj-gep","8":"product_cat-osszes-uj-gep","10":"first","11":"instock","12":"taxable","13":"shipping-taxable","14":"product-type-simple"},"acf":[],"_links":{"self":[{"href":"https:\/\/wolfberg.eu\/en\/wp-json\/wp\/v2\/product\/530","targetHints":{"allow":["GET"]}}],"collection":[{"href":"https:\/\/wolfberg.eu\/en\/wp-json\/wp\/v2\/product"}],"about":[{"href":"https:\/\/wolfberg.eu\/en\/wp-json\/wp\/v2\/types\/product"}],"replies":[{"embeddable":true,"href":"https:\/\/wolfberg.eu\/en\/wp-json\/wp\/v2\/comments?post=530"}],"wp:featuredmedia":[{"embeddable":true,"href":"https:\/\/wolfberg.eu\/en\/wp-json\/wp\/v2\/media\/531"}],"wp:attachment":[{"href":"https:\/\/wolfberg.eu\/en\/wp-json\/wp\/v2\/media?parent=530"}],"wp:term":[{"taxonomy":"product_brand","embeddable":true,"href":"https:\/\/wolfberg.eu\/en\/wp-json\/wp\/v2\/product_brand?post=530"},{"taxonomy":"product_cat","embeddable":true,"href":"https:\/\/wolfberg.eu\/en\/wp-json\/wp\/v2\/product_cat?post=530"},{"taxonomy":"product_tag","embeddable":true,"href":"https:\/\/wolfberg.eu\/en\/wp-json\/wp\/v2\/product_tag?post=530"}],"curies":[{"name":"wp","href":"https:\/\/api.w.org\/{rel}","templated":true}]}}