{"id":324,"date":"2025-11-12T10:30:14","date_gmt":"2025-11-12T09:30:14","guid":{"rendered":"https:\/\/wolfberg.eu\/?post_type=product&#038;p=324"},"modified":"2025-11-14T15:25:14","modified_gmt":"2025-11-14T14:25:14","slug":"hesse-ad-r-30175","status":"publish","type":"product","link":"https:\/\/wolfberg.eu\/en\/product\/hesse-ad-r-30175\/","title":{"rendered":"HESSE AD-R 30175"},"content":{"rendered":"<ul>\n<li>CNC vez\u00e9rl\u00e9s, grafikus kijelz\u0151vel<\/li>\n<li>175 tonn\u00e1s nyom\u00f3er\u0151<\/li>\n<li>Maximumhajl\u00edt\u00e1si hossz: 3000 mm<\/li>\n<li>H\u00e1l\u00f3zati kapcsolat<\/li>\n<li>4 tengely vez\u00e9relt<\/li>\n<li>175 tonna nyom\u00f3er\u0151<\/li>\n<li>Teljes hajl\u00edt\u00e1si sz\u00e9less\u00e9g 8mm-ben maximaliz\u00e1lhat\u00f3<\/li>\n<li>Automatikusan vez\u00e9relt asztal el\u0151fesz\u00edt\u00e9s<\/li>\n<\/ul>","protected":false},"excerpt":{"rendered":"<p>CNC vez\u00e9rl\u00e9s, grafikus kijelz\u0151vel 175 tonn\u00e1s nyom\u00f3er\u0151 Maximumhajl\u00edt\u00e1si hossz: 3000 mm H\u00e1l\u00f3zati kapcsolat 4 tengely vez\u00e9relt 175 tonna nyom\u00f3er\u0151 Teljes hajl\u00edt\u00e1si sz\u00e9less\u00e9g 8mm-ben maximaliz\u00e1lhat\u00f3 Automatikusan vez\u00e9relt asztal el\u0151fesz\u00edt\u00e9s<\/p>","protected":false},"featured_media":329,"comment_status":"open","ping_status":"closed","template":"","meta":{"_acf_changed":false},"product_brand":[66],"product_cat":[70,35],"product_tag":[],"class_list":{"0":"post-324","1":"product","2":"type-product","3":"status-publish","4":"has-post-thumbnail","6":"product_brand-durma","7":"product_cat-elhajlito","8":"product_cat-hajlitogepek","10":"first","11":"instock","12":"taxable","13":"shipping-taxable","14":"product-type-simple"},"acf":[],"_links":{"self":[{"href":"https:\/\/wolfberg.eu\/en\/wp-json\/wp\/v2\/product\/324","targetHints":{"allow":["GET"]}}],"collection":[{"href":"https:\/\/wolfberg.eu\/en\/wp-json\/wp\/v2\/product"}],"about":[{"href":"https:\/\/wolfberg.eu\/en\/wp-json\/wp\/v2\/types\/product"}],"replies":[{"embeddable":true,"href":"https:\/\/wolfberg.eu\/en\/wp-json\/wp\/v2\/comments?post=324"}],"wp:featuredmedia":[{"embeddable":true,"href":"https:\/\/wolfberg.eu\/en\/wp-json\/wp\/v2\/media\/329"}],"wp:attachment":[{"href":"https:\/\/wolfberg.eu\/en\/wp-json\/wp\/v2\/media?parent=324"}],"wp:term":[{"taxonomy":"product_brand","embeddable":true,"href":"https:\/\/wolfberg.eu\/en\/wp-json\/wp\/v2\/product_brand?post=324"},{"taxonomy":"product_cat","embeddable":true,"href":"https:\/\/wolfberg.eu\/en\/wp-json\/wp\/v2\/product_cat?post=324"},{"taxonomy":"product_tag","embeddable":true,"href":"https:\/\/wolfberg.eu\/en\/wp-json\/wp\/v2\/product_tag?post=324"}],"curies":[{"name":"wp","href":"https:\/\/api.w.org\/{rel}","templated":true}]}}