{"id":244,"date":"2025-10-29T12:54:14","date_gmt":"2025-10-29T11:54:14","guid":{"rendered":"https:\/\/wolfberg.eu\/?post_type=product&#038;p=244"},"modified":"2026-01-14T22:55:20","modified_gmt":"2026-01-14T21:55:20","slug":"trumpf-trumatic-6000-fiber-nagy-formatumu-k06","status":"publish","type":"product","link":"https:\/\/wolfberg.eu\/en\/product\/trumpf-trumatic-6000-fiber-nagy-formatumu-k06\/","title":{"rendered":"TRUMPF\u00a0TruMatic 6000 (K06) fiber nagy form\u00e1tum\u00fa"},"content":{"rendered":"<p>TruMatic 6000 fiber nagy form\u00e1tum\u00fa (K06) + SheetMaster + GripMaster + TruStore 3030 Dupla torony (46 t\u00e1rol\u00f3 raklap)<\/p>\n<p>&nbsp;<\/p>","protected":false},"excerpt":{"rendered":"<p><strong>Lyukaszt\u00e1si min\u0151s\u00e9g csomag:<\/strong><\/p>\n<ul>\n<li>MultiShear funkci\u00f3<\/li>\n<li>Sorj\u00e1tlan\u00edt\u00f3 \u00e9s henger technol\u00f3gia funkci\u00f3<\/li>\n<li>Adapt\u00edv l\u00f6ketkalibr\u00e1ci\u00f3<\/li>\n<li>StripLine<\/li>\n<\/ul>\n<p><strong>Form\u00e1z\u00f3 csomag:<\/strong><\/p>\n<ul>\n<li>Menetv\u00e1g\u00e1si funkci\u00f3 t\u00f6r\u00e9sfel\u00fcgyelettel<\/li>\n<li>Jel\u00f6l\u0151\/gyors bord\u00e1z\u00f3 funkci\u00f3<\/li>\n<li>MultiBend funkci\u00f3<\/li>\n<li>Magass\u00e1gban \u00e1ll\u00edthat\u00f3 befog\u00f3k<\/li>\n<li>S\u00fcllyesztett szersz\u00e1m<\/li>\n<li>MultiTool funkci\u00f3<\/li>\n<li>Grav\u00edroz\u00e1si lehet\u0151s\u00e9g<\/li>\n<li>Szersz\u00e1mken\u00e9s szintfel\u00fcgyelettel<\/li>\n<li>Forg\u00e1cssz\u00e1ll\u00edt\u00f3 billen\u0151 tart\u00e1llyal<\/li>\n<\/ul>\n<p><strong>Bet\u00f6lt\u00e9s\/Kirakod\u00e1s:<\/strong><\/p>\n<ul>\n<li>SheetMaster 3000 x 1500 mm (AK04)<\/li>\n<li>Bet\u00f6lt\u00e9s \u00e9s kirakod\u00e1s gy\u00e1rt\u00e1s k\u00f6zben, p\u00e1rhuzamosan<\/li>\n<li>Lev\u00e1laszt\u00f3 egys\u00e9g nagym\u00e9ret\u0171 lemezek poz\u00edcion\u00e1l\u00f3 seg\u00e9dlettel<\/li>\n<li>Kieg\u00e9sz\u00edt\u0151 poz\u00edcion\u00e1l\u00f3 seg\u00e9dlet kis lemezekhez<\/li>\n<li>Kieg\u00e9sz\u00edt\u0151 poz\u00edcion\u00e1l\u00f3 seg\u00e9dlet k\u00f6zepes lemezekhez<\/li>\n<li>Els\u0151 kieg\u00e9sz\u00edt\u0151 v\u00e1kuumcsomag<\/li>\n<li>M\u00e1sodik kieg\u00e9sz\u00edt\u0151 v\u00e1kuumcsomag<\/li>\n<li>L\u00e9zerv\u00e1gott alkatr\u00e9szek kirakod\u00e1s\u00e1nak fel\u00fcgyelete<\/li>\n<li>Integr\u00e1lt szersz\u00e1mcser\u00e9l\u0151, 40 \u00e1llom\u00e1sos<\/li>\n<\/ul>\n<p><strong>GripMaster 3000 x 1500 mm<\/strong><\/p>\n<ul>\n<li>H\u00e1rom hullad\u00e9kr\u00e1cs-fog\u00f3, melyek k\u00f6z\u00fcl egy szenzoros rendszerrel ell\u00e1tott<\/li>\n<\/ul>\n<p><strong>Alkatr\u00e9sz sz\u00e1ll\u00edt\u00f3szalag lyukaszt\u00f3 \u00e9s l\u00e9zer oldalhoz<\/strong><\/p>\n<p><strong>TruStore 3030 dupla torony t\u00e1rol\u00f3rendszer (46 raklap)<\/strong><\/p>\n<ul>\n<li>T\u00e1rol\u00f3 berendez\u00e9s<\/li>\n<li>Lemezm\u00e9ret: 3048 x 1524 mm<\/li>\n<li>3 t terhelhet\u0151s\u00e9g raklaponk\u00e9nt<\/li>\n<li>T\u00e1rol\u00e1si biztons\u00e1gi berendez\u00e9s<\/li>\n<li>Oszlopburkolat<\/li>\n<li>Raklapemel\u0151 (l\u00e1ncos emel\u0151, k\u00e1belhordoz\u00f3)<\/li>\n<li>19\" \u00e9rint\u0151kijelz\u0151s vez\u00e9rl\u0151panel<\/li>\n<li>T\u00e1rol\u00f3 interf\u00e9sz k\u00e9t automatiz\u00e1lt megold\u00e1s csatlakoztat\u00e1s\u00e1hoz<\/li>\n<li>Betan\u00edt\u00e1s, dokument\u00e1ci\u00f3<\/li>\n<li>Villamos kapcsol\u00f3szekr\u00e9ny vil\u00e1g\u00edt\u00e1s<\/li>\n<li>CE jel\u00f6l\u00e9s, EK G\u00e9pir\u00e1nyelv szerint<\/li>\n<\/ul>","protected":false},"featured_media":195,"comment_status":"open","ping_status":"closed","template":"","meta":{"_acf_changed":false},"product_brand":[49],"product_cat":[32],"product_tag":[],"class_list":{"0":"post-244","1":"product","2":"type-product","3":"status-publish","4":"has-post-thumbnail","6":"product_brand-trumpf","7":"product_cat-stanc-kombigepek","9":"first","10":"instock","11":"taxable","12":"shipping-taxable","13":"purchasable","14":"product-type-simple"},"acf":[],"_links":{"self":[{"href":"https:\/\/wolfberg.eu\/en\/wp-json\/wp\/v2\/product\/244","targetHints":{"allow":["GET"]}}],"collection":[{"href":"https:\/\/wolfberg.eu\/en\/wp-json\/wp\/v2\/product"}],"about":[{"href":"https:\/\/wolfberg.eu\/en\/wp-json\/wp\/v2\/types\/product"}],"replies":[{"embeddable":true,"href":"https:\/\/wolfberg.eu\/en\/wp-json\/wp\/v2\/comments?post=244"}],"wp:featuredmedia":[{"embeddable":true,"href":"https:\/\/wolfberg.eu\/en\/wp-json\/wp\/v2\/media\/195"}],"wp:attachment":[{"href":"https:\/\/wolfberg.eu\/en\/wp-json\/wp\/v2\/media?parent=244"}],"wp:term":[{"taxonomy":"product_brand","embeddable":true,"href":"https:\/\/wolfberg.eu\/en\/wp-json\/wp\/v2\/product_brand?post=244"},{"taxonomy":"product_cat","embeddable":true,"href":"https:\/\/wolfberg.eu\/en\/wp-json\/wp\/v2\/product_cat?post=244"},{"taxonomy":"product_tag","embeddable":true,"href":"https:\/\/wolfberg.eu\/en\/wp-json\/wp\/v2\/product_tag?post=244"}],"curies":[{"name":"wp","href":"https:\/\/api.w.org\/{rel}","templated":true}]}}