{"id":233,"date":"2025-10-29T12:39:46","date_gmt":"2025-10-29T11:39:46","guid":{"rendered":"https:\/\/wolfberg.eu\/?post_type=product&#038;p=233"},"modified":"2026-01-14T22:35:24","modified_gmt":"2026-01-14T21:35:24","slug":"trumpf-trulaser-cell-7020-3d-l31","status":"publish","type":"product","link":"https:\/\/wolfberg.eu\/en\/product\/trumpf-trulaser-cell-7020-3d-l31\/","title":{"rendered":"TRUMPF TruLaser Cell 7020 3D (L31) fiber"},"content":{"rendered":"<ul>\n<li>Y1500 (L31)<\/li>\n<li>X=2000 mm, Y=1500 mm, Z = 750 mm, B = 135\u00b0, C = n x 360\u00b0<\/li>\n<li>30m LLK (l\u00e9zerf\u00e9ny k\u00e1bel)<\/li>\n<li>F\u00f3kusz\u00e1l\u00f3 optik\u00e1k automatikus felismer\u00e9se<\/li>\n<li>Optika m\u00e1gneses leold\u00e1sa \u00fctk\u00f6z\u00e9s eset\u00e9n<\/li>\n<li>FocusLine<\/li>\n<li>Siemens 840D vez\u00e9rl\u0151<\/li>\n<li>Program betan\u00edt\u00e1s\u00e1t seg\u00edt\u0151 konzol \u00e9s szoftver<\/li>\n<li>H\u00e1l\u00f3zati csatlakoz\u00e1s<\/li>\n<li>Telediagnosztika<\/li>\n<li>Dokument\u00e1ci\u00f3<\/li>\n<li>TruDisk 4001<\/li>\n<li>P = 4000 Watt<\/li>\n<li>Sug\u00e1rmin\u0151s\u00e9g= 4mm*mrad<\/li>\n<li>L\u00e9zerteljes\u00edtm\u00e9ny szab\u00e1lyoz\u00e1s<\/li>\n<li>Optikai kimenetek sz\u00e1ma<\/li>\n<li>100%-os teljes\u00edtm\u00e9ny\u0171 sug\u00e1rvezet\u0151 minden<br \/>\nl\u00e9zerkimenetn\u00e9l<\/li>\n<li>C\u00e9lz\u00f3l\u00e9zer minden l\u00e9zerkimenethez<\/li>\n<li>Core Switch sz\u00e1ma1 V\u00edz-leveg\u0151 h\u0171t\u0151 1<\/li>\n<li>TruDisk 4001 k\u00e9sz\u00fcl\u00e9khez<\/li>\n<\/ul>","protected":false},"excerpt":{"rendered":"<p><strong>Munkadarab-megmunk\u00e1l\u00e1s<\/strong><\/p>\n<ul>\n<li>WeldLine Comfort \u2013 CutLine Professional (1 db)\n<ul>\n<li>El\u0151k\u00e9sz\u00edt\u00e9s l\u00e9zersugaras v\u00e1g\u00e1shoz \u00e9s l\u00e9zerhegeszt\u00e9shez<\/li>\n<li>2in1 sz\u00e1l Core Switch-el<\/li>\n<li>L\u00e9zer-technol\u00f3giat\u00e1bl\u00e1zatok v\u00e1g\u00e1shoz<\/li>\n<li>ControlLine<\/li>\n<\/ul>\n<\/li>\n<li>Be\u00e9p\u00edtett LMD (Laser Metal Deposition) funkci\u00f3 \u2013 Portechnol\u00f3gi\u00e1s felrak\u00f3 hegeszt\u00e9s (1 db)<\/li>\n<li>Met\u00e1l-b\u0151rharm\u00f3nika v\u00e9delem (1 db)<\/li>\n<li>FlowWatch sensor (1 db)\n<ul>\n<li>Szenzor a sz\u00e1ll\u00edtott por mennyis\u00e9g\u00e9nek ellen\u0151rz\u00e9s\u00e9re<\/li>\n<\/ul>\n<\/li>\n<\/ul>\n<p><strong>DepositionLine \u2013 Poradagol\u00e1s<\/strong><\/p>\n<ul>\n<li>Dupla poradagol\u00f3 (disc) (1 db)<\/li>\n<li>Poradagol\u00f3\/tart\u00e1lyok 2 k\u00fcl\u00f6nb\u00f6z\u0151 porhoz<\/li>\n<li>T\u00f6lt\u00f6tts\u00e9gi szintjelz\u0151-szenzor, tart\u00e1lyonk\u00e9nt (2 db)<\/li>\n<li>Teleszerv\u00edz a poradagol\u00f3 modulhoz (1 db)<\/li>\n<li>Porf\u00fav\u00f3ka<\/li>\n<li>F\u00fav\u00f3kamodul, h\u00e1romf\u00fav\u00f3k\u00e1s multijet SO16 (1 db)<\/li>\n<li>Kieg\u00e9sz\u00edt\u0151 f\u00fav\u00f3kacs\u00facs, h\u00e1romsugaras multijet SO16 (1 db)<\/li>\n<li>Be\u00e1ll\u00edt\u00f3k\u00e9sz\u00fcl\u00e9k f\u00fav\u00f3k\u00e1khoz (1 db)<\/li>\n<li>Dinamikus v\u00e1g\u00e1si optika f=150 (1 db)<\/li>\n<li>Be\u00e1ll\u00edt\u00f3k\u00e9sz\u00fcl\u00e9k v\u00e1g\u00f3optik\u00e1hoz (1 db)<\/li>\n<li>Motoros hegeszt\u0151optika DepositionLine (1 db)<\/li>\n<li>Folyamat-megfigyel\u00e9sre szolg\u00e1l\u00f3 kamera (1 db)<\/li>\n<li>A kezel\u0151pultba integr\u00e1lt monitorral egy\u00fctt<\/li>\n<li>ObserveLine (1 db)<\/li>\n<li>Kapcsol\u00f3szekr\u00e9ny-vil\u00e1g\u00edt\u00e1s (1 db)<\/li>\n<\/ul>\n<p><strong>Munkadarab tart\u00f3 \u00e9s kieg\u00e9sz\u00edt\u0151 tengelyek<\/strong><\/p>\n<ul>\n<li>Manu\u00e1lisan\/k\u00e9zzel mozgathat\u00f3 asztal oldalra (1 db)\n<ul>\n<li>Felfogat\u00e1si m\u00e9ret: 2000 \u00d7 1500 mm\u00b2<\/li>\n<li>Prec\u00edzi\u00f3s r\u00f6gz\u00edt\u0151furatokkal 250 mm t\u00e1vols\u00e1gban<\/li>\n<\/ul>\n<\/li>\n<li>Manu\u00e1lisan\/k\u00e9zzel mozgathat\u00f3 asztal el\u0151re (1 db)\n<ul>\n<li>Felfogat\u00e1si m\u00e9ret: 2000 \u00d7 1500 mm\u00b2<\/li>\n<li>Prec\u00edzi\u00f3s r\u00f6gz\u00edt\u0151furatokkal 250 mm t\u00e1vols\u00e1gban<\/li>\n<\/ul>\n<\/li>\n<li>Alaph\u00edd munkaasztal 1-soros (4 db)<\/li>\n<\/ul>\n<p><strong>Biztons\u00e1gi berendez\u00e9s<\/strong><\/p>\n<ul>\n<li>Elsz\u00edv\u00f3cs\u0151 a munkasztalhoz (1 db)<\/li>\n<li>Elsz\u00edv\u00f3cs\u0151\/berendez\u00e9s (1 db)<\/li>\n<li>Mozgathat\u00f3 elsz\u00edv\u00f3rendszer (1 db)<\/li>\n<li>Kompaktporelsz\u00edv\u00e1s 4000 Nm\u00b3\/h (1 db)\n<ul>\n<li>Incl. \u00f6ntiszt\u00edt\u00f3 sz\u0171r\u0151bet\u00e9tekkel<\/li>\n<\/ul>\n<\/li>\n<li>CO\u2082-t\u0171zolt\u00f3 berendez\u00e9s 4000 Nm\u00b3\/h (1 db)<\/li>\n<li>Standard v\u00e9d\u0151kabin (1 db)<\/li>\n<li>Automatikus tol\u00f3ajt\u00f3 el\u0151re (1 db)<\/li>\n<li>Automatikus tol\u00f3ajt\u00f3 oldalra (1 db)<\/li>\n<li>St\u00e1tuszl\u00e1mpa (1 db)<\/li>\n<li>Kieg\u00e9sz\u00edt\u0151 el\u00fcls\u0151 l\u00e9zerv\u00e9d\u0151 ablakok (1 db)<\/li>\n<li>Eltolhat\u00f3 k\u00e9zi kezel\u0151panel (1 db)<\/li>\n<li>Motoros hegeszt\u0151optika MDE f\u00fav\u00f3ka f=200 (1 db)\n<ul>\n<li>F\u00f3kuszhelyzet m\u00f3dos\u00edt\u00e1sa: +30 mm \/ -70 mm<\/li>\n<\/ul>\n<\/li>\n<li>Kieg\u00e9sz\u00edt\u0151 f\u00fav\u00f3ka \u00e9s huzal (1 db)<\/li>\n<li>Hegeszt\u0151huzal-bevezet\u00e9s (1 db)\n<ul>\n<li>Hegeszt\u0151huzal-bevezet\u0151 egys\u00e9g csatlakoztat\u00e1sa a Z-tengelyhez<\/li>\n<li>Ac\u00e9lhoz \u00e9s alum\u00edniumhoz<\/li>\n<li>Huzaldobadapterrel \u00e9s egy huzalt\u00edpussal<\/li>\n<\/ul>\n<\/li>\n<li>Forgat\u00f3 tengely 1. asztalra (1 db)<\/li>\n<li>1. forg\u00f3 k\u00f6zeg\u00e1tvezet\u0151 (1 db)<\/li>\n<li>N\u00e9gypof\u00e1s tokm\u00e1ny 1 (1 db)<\/li>\n<li>1. ellencsap\u00e1gy (1 db)<\/li>\n<\/ul>\n<p><strong>Szoftvercsomag \u2013 TruTops Cell 3D-s programoz\u00e1shoz<\/strong><\/p>\n<ul>\n<li>TruTops Cell szoftver (1 db)\n<ul>\n<li>Teljes verzi\u00f3<\/li>\n<li>Inkluz\u00edv technol\u00f3giai modul<\/li>\n<li>Interf\u00e9sz: DXF, SAT, STL \u00e9s CATIA native<\/li>\n<li>Inkluz\u00edv posztprocesszor<\/li>\n<li>12 h\u00f3nap szoftverk\u00f6vet\u00e9s<\/li>\n<\/ul>\n<\/li>\n<\/ul>\n<p><strong>TruTops Cell felszerelts\u00e9gek<\/strong><\/p>\n<ul>\n<li>3D l\u00e9zerhegeszt\u00e9s modul (1 db)\n<ul>\n<li>1. licensz<\/li>\n<\/ul>\n<\/li>\n<\/ul>\n<p><strong>LMD modul (1 db)<\/strong><\/p>\n<ul>\n<li>1. licensz<\/li>\n<\/ul>\n<p><strong>STEP 3D interf\u00e9sz (1 db)<\/strong><\/p>\n<ul>\n<li>1. licensz<\/li>\n<\/ul>","protected":false},"featured_media":182,"comment_status":"open","ping_status":"closed","template":"","meta":{"_acf_changed":false},"product_brand":[49],"product_cat":[29],"product_tag":[],"class_list":{"0":"post-233","1":"product","2":"type-product","3":"status-publish","4":"has-post-thumbnail","6":"product_brand-trumpf","7":"product_cat-3d-lezervagogepek","9":"first","10":"instock","11":"taxable","12":"shipping-taxable","13":"purchasable","14":"product-type-simple"},"acf":[],"_links":{"self":[{"href":"https:\/\/wolfberg.eu\/en\/wp-json\/wp\/v2\/product\/233","targetHints":{"allow":["GET"]}}],"collection":[{"href":"https:\/\/wolfberg.eu\/en\/wp-json\/wp\/v2\/product"}],"about":[{"href":"https:\/\/wolfberg.eu\/en\/wp-json\/wp\/v2\/types\/product"}],"replies":[{"embeddable":true,"href":"https:\/\/wolfberg.eu\/en\/wp-json\/wp\/v2\/comments?post=233"}],"wp:featuredmedia":[{"embeddable":true,"href":"https:\/\/wolfberg.eu\/en\/wp-json\/wp\/v2\/media\/182"}],"wp:attachment":[{"href":"https:\/\/wolfberg.eu\/en\/wp-json\/wp\/v2\/media?parent=233"}],"wp:term":[{"taxonomy":"product_brand","embeddable":true,"href":"https:\/\/wolfberg.eu\/en\/wp-json\/wp\/v2\/product_brand?post=233"},{"taxonomy":"product_cat","embeddable":true,"href":"https:\/\/wolfberg.eu\/en\/wp-json\/wp\/v2\/product_cat?post=233"},{"taxonomy":"product_tag","embeddable":true,"href":"https:\/\/wolfberg.eu\/en\/wp-json\/wp\/v2\/product_tag?post=233"}],"curies":[{"name":"wp","href":"https:\/\/api.w.org\/{rel}","templated":true}]}}