{"id":757,"date":"2026-01-22T11:49:18","date_gmt":"2026-01-22T10:49:18","guid":{"rendered":"https:\/\/wolfberg.eu\/?post_type=product&#038;p=757"},"modified":"2026-01-22T11:53:46","modified_gmt":"2026-01-22T10:53:46","slug":"amada-lcg-3015-aj-2-kw-fiber-laser","status":"publish","type":"product","link":"https:\/\/wolfberg.eu\/de\/produkt\/amada-lcg-3015-aj-2-kw-fiber-laser\/","title":{"rendered":"AMADA LCG-3015 AJ fiber 2 kW"},"content":{"rendered":"<p>G\u00f6rg\u0151s asztal (skid table)<\/p>\n<p>AMNC multim\u00e9di\u00e1s vez\u00e9rl\u0151<\/p>\n<p>2000 wattos l\u00e9zerteljes\u00edtm\u00e9ny<\/p>\n<p>AJ sz\u00e1loptik\u00e1s l\u00e9zer<\/p>\n<p>M\u0171k\u00f6d\u00e9si elv: \u201eflying optic\u201d rendszer<\/p>\n<p>3 tengelyes k\u00f6zvetlen hajt\u00e1s (X\/Y\/Z), olajpermet funkci\u00f3val<\/p>\n<p>&nbsp;<\/p>\n<p>&nbsp;<\/p>","protected":false},"excerpt":{"rendered":"<p>\u00c9rz\u00e9kel\u0151s v\u00e1g\u00f3fej<\/p>\n<p>Gyors lencsecsere rendszer<\/p>\n<p>Gyors f\u00fav\u00f3kacsere rendszer<\/p>\n<p>V\u00e1g\u00f3lencs\u00e9k 150, 190, 190 AX mm m\u00e9retben<\/p>\n<p>NC-g\u00e1zvez\u00e9rl\u00e9s<\/p>\n<p>NC-f\u00f3kuszvez\u00e9rl\u00e9s<\/p>\n<p>\u201eclean cut\u201d \u00e9s nagynyom\u00e1s\u00fa v\u00e1g\u00e1s funkci\u00f3<\/p>\n<p>Alum\u00ednium v\u00e1g\u00e1si funkci\u00f3<\/p>\n<p>Leveg\u0151tiszt\u00edt\u00f3 rendszer<\/p>\n<p>CE szabv\u00e1nynak megfelel\u0151 biztons\u00e1gi kialak\u00edt\u00e1s<\/p>\n<p>5A-BLANKSOLPACK szoftvercsomag<\/p>\n<p>PCLCG3015 t\u00edpus\u00fa v\u00e1lt\u00f3asztal<\/p>\n<p>Gy\u00e1rt\u00e1si \u00e9v: 2014. \u00e1prilis<\/p>","protected":false},"featured_media":761,"comment_status":"closed","ping_status":"closed","template":"","meta":{"_acf_changed":false},"product_brand":[90],"product_cat":[27],"product_tag":[],"class_list":{"0":"post-757","1":"product","2":"type-product","3":"status-publish","4":"has-post-thumbnail","6":"product_brand-amada","7":"product_cat-2d-lezervagogepek","9":"first","10":"instock","11":"taxable","12":"shipping-taxable","13":"product-type-simple"},"acf":[],"_links":{"self":[{"href":"https:\/\/wolfberg.eu\/de\/wp-json\/wp\/v2\/product\/757","targetHints":{"allow":["GET"]}}],"collection":[{"href":"https:\/\/wolfberg.eu\/de\/wp-json\/wp\/v2\/product"}],"about":[{"href":"https:\/\/wolfberg.eu\/de\/wp-json\/wp\/v2\/types\/product"}],"replies":[{"embeddable":true,"href":"https:\/\/wolfberg.eu\/de\/wp-json\/wp\/v2\/comments?post=757"}],"wp:featuredmedia":[{"embeddable":true,"href":"https:\/\/wolfberg.eu\/de\/wp-json\/wp\/v2\/media\/761"}],"wp:attachment":[{"href":"https:\/\/wolfberg.eu\/de\/wp-json\/wp\/v2\/media?parent=757"}],"wp:term":[{"taxonomy":"product_brand","embeddable":true,"href":"https:\/\/wolfberg.eu\/de\/wp-json\/wp\/v2\/product_brand?post=757"},{"taxonomy":"product_cat","embeddable":true,"href":"https:\/\/wolfberg.eu\/de\/wp-json\/wp\/v2\/product_cat?post=757"},{"taxonomy":"product_tag","embeddable":true,"href":"https:\/\/wolfberg.eu\/de\/wp-json\/wp\/v2\/product_tag?post=757"}],"curies":[{"name":"wp","href":"https:\/\/api.w.org\/{rel}","templated":true}]}}