{"id":749,"date":"2026-01-20T23:50:45","date_gmt":"2026-01-20T22:50:45","guid":{"rendered":"https:\/\/wolfberg.eu\/?post_type=product&#038;p=749"},"modified":"2026-01-20T23:50:46","modified_gmt":"2026-01-20T22:50:46","slug":"doosan-lynx-2100lm-cnc-eszterga","status":"publish","type":"product","link":"https:\/\/wolfberg.eu\/de\/produkt\/doosan-lynx-2100lm-cnc-eszterga\/","title":{"rendered":"Doosan Lynx 2100LM \u2013 CNC eszterga"},"content":{"rendered":"<p><strong>SPECIFIK\u00c1CI\u00d3<\/strong><\/p>\n<ul>\n<li>Vez\u00e9rl\u0151: <strong>Siemens S828D<\/strong><\/li>\n<li>F\u0151ors\u00f3 max. fordulatsz\u00e1m: <strong>6000 ford.\/perc<\/strong><\/li>\n<li>F\u0151ors\u00f3 motor teljes\u00edtm\u00e9nye: <strong>12,6 \/ 10,5 kW<\/strong><\/li>\n<li>Hajtott szersz\u00e1m teljes\u00edtm\u00e9ny: <strong>6,2 \/ 4,1 kW<\/strong><\/li>\n<li>Szersz\u00e1mhelyek sz\u00e1ma: <strong>12 db<\/strong><\/li>\n<li>3 pof\u00e1s hidraulikus tokm\u00e1ny: <strong>170 mm<\/strong><\/li>\n<li>Elfordul\u00f3 \u00e1tm\u00e9r\u0151 (\u00e1gy\/revolver): <strong>600 \/ 400 mm<\/strong><\/li>\n<li>Maxim\u00e1lis munkadarab: <strong>\u00d8 300 x 510 mm<\/strong><\/li>\n<li>Maxim\u00e1lis r\u00fad \u00e1tm\u00e9r\u0151: <strong>51 mm<\/strong><\/li>\n<li>Gyorsj\u00e1ratok (X\/Z): <strong>30 \/ 36 m\/perc<\/strong><\/li>\n<li>Revolver l\u00e9ptet\u00e9si id\u0151: <strong>0.11 sec<\/strong><\/li>\n<li>Mozg\u00e1startom\u00e1ny:\n<ul>\n<li><strong>X: 205 mm<\/strong><\/li>\n<li><strong>Z: 560 mm<\/strong><\/li>\n<\/ul>\n<\/li>\n<li>G\u00e9p m\u00e9retek: <strong>2540 x 1595 x 1693 mm<\/strong><\/li>\n<li>G\u00e9p t\u00f6meg: <strong>3480 kg<\/strong><\/li>\n<\/ul>","protected":false},"excerpt":{"rendered":"<ul>\n<li>Nagynyom\u00e1s\u00fa h\u0171t\u00e9s, <strong>0,7 MPa<\/strong><\/li>\n<li>Szersz\u00e1m bem\u00e9r\u0151<\/li>\n<li><strong>8 db \u00e1ll\u00f3<\/strong> \u00e9s <strong>4 db hajtott<\/strong> szersz\u00e1mtart\u00f3<\/li>\n<li>Szegnyereg<\/li>\n<li>Patronos tokm\u00e1ny<\/li>\n<li>Darab elkap\u00f3<\/li>\n<li>R\u00fadadagol\u00f3 el\u0151k\u00e9sz\u00edt\u00e9s<\/li>\n<li><strong>3 m-es LNS r\u00fadadagol\u00f3<\/strong><\/li>\n<li>Forg\u00e1cskisz\u00e1ll\u00edt\u00f3 (<strong>LNS MH500<\/strong>)<\/li>\n<\/ul>","protected":false},"featured_media":750,"comment_status":"closed","ping_status":"closed","template":"","meta":{"_acf_changed":false},"product_brand":[106],"product_cat":[39],"product_tag":[],"class_list":{"0":"post-749","1":"product","2":"type-product","3":"status-publish","4":"has-post-thumbnail","6":"product_brand-doosan","7":"product_cat-forgacsolo-gepek","9":"first","10":"instock","11":"taxable","12":"shipping-taxable","13":"product-type-simple"},"acf":[],"_links":{"self":[{"href":"https:\/\/wolfberg.eu\/de\/wp-json\/wp\/v2\/product\/749","targetHints":{"allow":["GET"]}}],"collection":[{"href":"https:\/\/wolfberg.eu\/de\/wp-json\/wp\/v2\/product"}],"about":[{"href":"https:\/\/wolfberg.eu\/de\/wp-json\/wp\/v2\/types\/product"}],"replies":[{"embeddable":true,"href":"https:\/\/wolfberg.eu\/de\/wp-json\/wp\/v2\/comments?post=749"}],"wp:featuredmedia":[{"embeddable":true,"href":"https:\/\/wolfberg.eu\/de\/wp-json\/wp\/v2\/media\/750"}],"wp:attachment":[{"href":"https:\/\/wolfberg.eu\/de\/wp-json\/wp\/v2\/media?parent=749"}],"wp:term":[{"taxonomy":"product_brand","embeddable":true,"href":"https:\/\/wolfberg.eu\/de\/wp-json\/wp\/v2\/product_brand?post=749"},{"taxonomy":"product_cat","embeddable":true,"href":"https:\/\/wolfberg.eu\/de\/wp-json\/wp\/v2\/product_cat?post=749"},{"taxonomy":"product_tag","embeddable":true,"href":"https:\/\/wolfberg.eu\/de\/wp-json\/wp\/v2\/product_tag?post=749"}],"curies":[{"name":"wp","href":"https:\/\/api.w.org\/{rel}","templated":true}]}}