{"id":742,"date":"2026-01-20T23:45:58","date_gmt":"2026-01-20T22:45:58","guid":{"rendered":"https:\/\/wolfberg.eu\/?post_type=product&#038;p=742"},"modified":"2026-01-20T23:51:56","modified_gmt":"2026-01-20T22:51:56","slug":"doosan-lynx-220lsy-ellenorsos-eszterga","status":"publish","type":"product","link":"https:\/\/wolfberg.eu\/de\/produkt\/doosan-lynx-220lsy-ellenorsos-eszterga\/","title":{"rendered":"Doosan Lynx 220LSY ellenors\u00f3s eszterga"},"content":{"rendered":"<p><strong>SPECIFIK\u00c1CI\u00d3<\/strong><\/p>\n<ul>\n<li>Vez\u00e9rl\u0151: <strong>Fanuc 0iTD<\/strong><\/li>\n<li>F\u0151ors\u00f3 max. fordulatsz\u00e1m: <strong>6 000 ford.\/perc<\/strong><\/li>\n<li>F\u0151motor teljes\u00edtm\u00e9nye: <strong>15 \/ 11 kW<\/strong><\/li>\n<li>Hajtott szersz\u00e1m teljes\u00edtm\u00e9nye: <strong>3,7 kW<\/strong><\/li>\n<li>Szersz\u00e1mhelyek sz\u00e1ma: <strong>12 db. (24 poz\u00edci\u00f3)<\/strong><\/li>\n<li>3 pof\u00e1s hidraulikus tokm\u00e1ny: <strong>170 \/ 135 mm<\/strong><\/li>\n<li>Elfordul\u00f3 \u00e1tm\u00e9r\u0151 (\u00e1gy\/revolver): <strong>600 \/ 400 mm<\/strong><\/li>\n<li>Maxim\u00e1lis munkadarab: <strong>\u00d8 300 x 510 mm<\/strong><\/li>\n<li>Maxim\u00e1lis r\u00fad \u00e1tm\u00e9r\u0151: <strong>51 mm<\/strong><\/li>\n<li>Gyorsj\u00e1ratok (X\/Y\/Z): <strong>36 m\/perc<\/strong><\/li>\n<li>Y tengely mozg\u00e1sa: <strong>\u00b1 52,5 mm<\/strong><\/li>\n<li>Revolver l\u00e9ptet\u00e9si id\u0151: <strong>0.11 sec<\/strong><\/li>\n<li>Mozg\u00e1startom\u00e1ny:\n<ul>\n<li><strong>X: 205 mm<\/strong><\/li>\n<li><strong>Z: 560 mm<\/strong><\/li>\n<\/ul>\n<\/li>\n<\/ul>","protected":false},"excerpt":{"rendered":"<ul>\n<li>Nagynyom\u00e1s\u00fa h\u0171t\u00e9s, <strong>0,7 MPa<\/strong><\/li>\n<li>Transzform\u00e1tor<\/li>\n<li>Forg\u00e1cskisz\u00e1ll\u00edt\u00f3<\/li>\n<li>Szersz\u00e1m bem\u00e9r\u0151<\/li>\n<li>Patronos r\u00f6gz\u00edt\u00e9s\u0171 tokm\u00e1ny (<strong>3 db patronnal<\/strong>)<\/li>\n<li>R\u00fadadagol\u00f3 max. <strong>1,5 m\u00e9ter hossz\u00fa r\u00fadhoz<\/strong><\/li>\n<li>Munkadarab kil\u00f6k\u00e9s<\/li>\n<li>Munkadarab elkap\u00f3 \u00e9s kisz\u00e1ll\u00edt\u00f3 rendszer<\/li>\n<li>Szersz\u00e1mterhel\u00e9s fel\u00fcgyelet<\/li>\n<\/ul>","protected":false},"featured_media":746,"comment_status":"closed","ping_status":"closed","template":"","meta":{"_acf_changed":false},"product_brand":[106],"product_cat":[39],"product_tag":[],"class_list":{"0":"post-742","1":"product","2":"type-product","3":"status-publish","4":"has-post-thumbnail","6":"product_brand-doosan","7":"product_cat-forgacsolo-gepek","9":"first","10":"instock","11":"taxable","12":"shipping-taxable","13":"product-type-simple"},"acf":[],"_links":{"self":[{"href":"https:\/\/wolfberg.eu\/de\/wp-json\/wp\/v2\/product\/742","targetHints":{"allow":["GET"]}}],"collection":[{"href":"https:\/\/wolfberg.eu\/de\/wp-json\/wp\/v2\/product"}],"about":[{"href":"https:\/\/wolfberg.eu\/de\/wp-json\/wp\/v2\/types\/product"}],"replies":[{"embeddable":true,"href":"https:\/\/wolfberg.eu\/de\/wp-json\/wp\/v2\/comments?post=742"}],"wp:featuredmedia":[{"embeddable":true,"href":"https:\/\/wolfberg.eu\/de\/wp-json\/wp\/v2\/media\/746"}],"wp:attachment":[{"href":"https:\/\/wolfberg.eu\/de\/wp-json\/wp\/v2\/media?parent=742"}],"wp:term":[{"taxonomy":"product_brand","embeddable":true,"href":"https:\/\/wolfberg.eu\/de\/wp-json\/wp\/v2\/product_brand?post=742"},{"taxonomy":"product_cat","embeddable":true,"href":"https:\/\/wolfberg.eu\/de\/wp-json\/wp\/v2\/product_cat?post=742"},{"taxonomy":"product_tag","embeddable":true,"href":"https:\/\/wolfberg.eu\/de\/wp-json\/wp\/v2\/product_tag?post=742"}],"curies":[{"name":"wp","href":"https:\/\/api.w.org\/{rel}","templated":true}]}}