{"id":737,"date":"2026-01-20T23:40:17","date_gmt":"2026-01-20T22:40:17","guid":{"rendered":"https:\/\/wolfberg.eu\/?post_type=product&#038;p=737"},"modified":"2026-01-20T23:40:17","modified_gmt":"2026-01-20T22:40:17","slug":"mazak-vtc-800-20sr-smoothx","status":"publish","type":"product","link":"https:\/\/wolfberg.eu\/de\/produkt\/mazak-vtc-800-20sr-smoothx\/","title":{"rendered":"MAZAK VTC-800\/20SR \u2013 SmoothX"},"content":{"rendered":"<p><strong>M\u0170SZAKI ADATOK<\/strong><\/p>\n<p><strong>K\u00c9PESS\u00c9G<\/strong><\/p>\n<ul>\n<li>Asztal munkafel\u00fclet (hossz): <strong>2 500 mm<\/strong><\/li>\n<li>Asztal munkafel\u00fclet (sz\u00e9less\u00e9g): <strong>820 mm<\/strong><\/li>\n<li>Hosszanti (keresztir\u00e1ny\u00fa) X-tengely: <strong>2 000 mm<\/strong><\/li>\n<li>\u00c1llv\u00e1ny (keresztir\u00e1ny\u00fa) Y-tengely: <strong>800 mm<\/strong><\/li>\n<li>Ors\u00f3fej (f\u00fcgg\u0151leges elmozdul\u00e1s) Z-tengely: <strong>720 mm<\/strong><\/li>\n<li>Minim\u00e1lis t\u00e1vols\u00e1g az ors\u00f3cs\u00facst\u00f3l az asztal tetej\u00e9ig: <strong>140 mm<\/strong><\/li>\n<li>Maxim\u00e1lis t\u00e1vols\u00e1g az ors\u00f3cs\u00facst\u00f3l az asztal tetej\u00e9ig: <strong>860 mm<\/strong><\/li>\n<li>Asztal terhel\u00e9si kapacit\u00e1s (egyenletes terhel\u00e9s): <strong>1 700 kgf<\/strong><\/li>\n<li>Ors\u00f3fej forg\u00e1s (B-tengely): <strong>\u00b1 110\u00b0<\/strong><\/li>\n<\/ul>\n<p><strong>ORS\u00d3FEJ<\/strong><\/p>\n<ul>\n<li>Ors\u00f3 k\u00fapos furat: <strong>7\/24 k\u00fapos, 40. sz.<\/strong><\/li>\n<li>Maxim\u00e1lis ors\u00f3 sebess\u00e9g (standard): <strong>18 000 min<\/strong><strong>\u207b<\/strong><strong>\u00b9<\/strong><\/li>\n<li>Minim\u00e1lis ors\u00f3 sebess\u00e9g (standard): <strong>35 min<\/strong><strong>\u207b<\/strong><strong>\u00b9<\/strong><\/li>\n<li>F\u0151ors\u00f3 motor kimen\u0151 teljes\u00edtm\u00e9nye (folyamatos m\u00e9r\u00e9s): <strong>26,0 kW<\/strong><\/li>\n<\/ul>\n<p><strong>EL\u0150TOL\u00c1SI SEBESS\u00c9G<\/strong><\/p>\n<ul>\n<li>Gyorsj\u00e1rat (X-tengely): <strong>50 m\/min<\/strong><\/li>\n<li>Gyorsj\u00e1rat (Y-tengely): <strong>50 m\/min<\/strong><\/li>\n<li>Gyorsj\u00e1rat (Z-tengely): <strong>50 m\/min<\/strong><\/li>\n<\/ul>\n<p><strong>ASZTAL<\/strong><\/p>\n<ul>\n<li>Asztalhossz m\u00e9ret: <strong>2 500 mm<\/strong><\/li>\n<li>Asztal sz\u00e9less\u00e9g m\u00e9ret: <strong>820 mm<\/strong><\/li>\n<li>T-horony sz\u00e9less\u00e9g: <strong>18 mm<\/strong><\/li>\n<li>T-hornyok sz\u00e1ma: <strong>7<\/strong><\/li>\n<li>K\u00f6z\u00e9ppontok k\u00f6z\u00f6tti t\u00e1vols\u00e1g: <strong>100 mm<\/strong><\/li>\n<li>A g\u00e9p alj\u00e1t\u00f3l az asztal fel\u00fclet szintj\u00e9ig: <strong>870 mm<\/strong><\/li>\n<\/ul>\n<p><strong>AUTOMATIKUS SZERSZ\u00c1MCSER\u00c9L\u0150<\/strong><\/p>\n<ul>\n<li>Szersz\u00e1m t\u00e1rol\u00e1si kapacit\u00e1s (standard): <strong>30<\/strong><\/li>\n<li>Szersz\u00e1m t\u00e1rol\u00e1si kapacit\u00e1s (opcion\u00e1lis): <strong>48<\/strong><\/li>\n<li>Szersz\u00e1m kiv\u00e1laszt\u00e1s: <strong>Mazatrol mem\u00f3ria v\u00e9letlen m\u00f3d<\/strong><\/li>\n<li>Szersz\u00e1m alaptart\u00f3: <strong>CAT-40 \/ MAS BT-40<\/strong><\/li>\n<li>Max. szersz\u00e1m \u00e1tm\u00e9r\u0151 szomsz\u00e9dos szersz\u00e1mmal: <strong>80 mm<\/strong><\/li>\n<li>Max. szersz\u00e1m \u00e1tm\u00e9r\u0151 szomsz\u00e9dos szersz\u00e1m n\u00e9lk\u00fcl: <strong>130 mm<\/strong><\/li>\n<li>Max. szersz\u00e1ms\u00faly (alaptart\u00f3val \u00e9s k\u00faposcsappal): <strong>8 kgf<\/strong><\/li>\n<li>Teljes szersz\u00e1mt\u00e1r max. s\u00falya: <strong>150 kgf<\/strong><\/li>\n<li>Max. szersz\u00e1mhossz (a m\u00e9r\u0151m\u0171szer vonal\u00e1t\u00f3l): <strong>350 mm<\/strong><\/li>\n<li>Szersz\u00e1mcsere id\u0151 (forg\u00e1csol\u00e1sok k\u00f6z\u00f6tt): <strong>4,7 s<\/strong><\/li>\n<\/ul>\n<p><strong>G\u00c9P M\u00c9RETEK<\/strong><\/p>\n<ul>\n<li>G\u00e9p magass\u00e1ga (padl\u00f3t\u00f3l): <strong>3 355 mm<\/strong><\/li>\n<li>G\u00e9p sz\u00e9less\u00e9g: <strong>4 250 mm<\/strong><\/li>\n<li>G\u00e9p m\u00e9lys\u00e9g: <strong>4 046 mm<\/strong><\/li>\n<li>G\u00e9p t\u00f6meg: <strong>14 000 kg<\/strong><\/li>\n<\/ul>\n<p><strong>EGY\u00c9B<\/strong><\/p>\n<ul>\n<li>T\u00e1pfesz\u00fclts\u00e9g: <strong>AC380\/400\/415V \u00b110%<\/strong><\/li>\n<li>T\u00e1pell\u00e1t\u00e1si frekvencia: <strong>50\/60 \u00b11<\/strong><\/li>\n<li>Leveg\u0151nyom\u00e1s: <strong>0,5\u20130,9 MPa<\/strong><\/li>\n<li>Leveg\u0151 kapacit\u00e1s: <strong>260 l\/min<\/strong><\/li>\n<li>H\u0171t\u0151folyad\u00e9k tart\u00e1ly kapacit\u00e1sa: <strong>450 L<\/strong><\/li>\n<\/ul>","protected":false},"excerpt":{"rendered":"<p><strong>\u00c1LTAL\u00c1NOS G\u00c9P OPCI\u00d3K<\/strong><\/p>\n<ul>\n<li><strong>SD140<\/strong> \u2013 Alapoz\u00f3 k\u00e9szlet (alapzatcsavarok &amp; lemezek)<\/li>\n<li><strong>SD120<\/strong> \u2013 Egy k\u00e9szlet be\u00e1ll\u00edt\u00f3 szersz\u00e1m<\/li>\n<li><strong>WL005<\/strong> \u2013 Munkat\u00e9r vil\u00e1g\u00edt\u00e1s<\/li>\n<li><strong>EL110<\/strong> \u2013 T\u00e1ptranszform\u00e1tor eur\u00f3pai piacra<\/li>\n<li><strong>N0823<\/strong> \u2013 USB I\/F (1 csatlakoz\u00f3)<\/li>\n<\/ul>\n<p><strong>\u00daTMUTAT\u00d3K, HASZN\u00c1LATI UTAS\u00cdT\u00c1SOK<\/strong><\/p>\n<ul>\n<li><strong>SD073<\/strong> \u2013 Egy k\u00e9szlet dokument\u00e1ci\u00f3 (CD)<\/li>\n<\/ul>\n<p><strong>ORS\u00d3 SEBESS\u00c9G<\/strong><\/p>\n<ul>\n<li><strong>SR395<\/strong> \u2013 Ors\u00f3 sebess\u00e9g: 18 000 rpm (#40)<\/li>\n<\/ul>\n<p><strong>G\u00c9PTEST SZ\u00cdNE<\/strong><\/p>\n<ul>\n<li><strong>SD728<\/strong> \u2013 Mazak szabv\u00e1nyos sz\u00edn (F feh\u00e9r \/ S fekete)<\/li>\n<\/ul>\n<p><strong>BIZTONS\u00c1G, EG\u00c9SZS\u00c9G<\/strong><\/p>\n<ul>\n<li><strong>SD755<\/strong> \u2013 Biztons\u00e1gi int\u00e9zked\u00e9sek vil\u00e1g szinten<\/li>\n<li><strong>AS028<\/strong> \u2013 Munkat\u00e9r ajt\u00f3 reteszel\u00e9se r\u00f6gz\u00edt\u0151kapcsol\u00f3val<\/li>\n<li><strong>CC010<\/strong> \u2013 \u00d6sszes burkolat<\/li>\n<li><strong>SD020<\/strong> \u2013 Teljes lefedetts\u00e9g\u0171 forg\u00e1cs- \u00e9s h\u0171t\u0151folyad\u00e9k v\u00e9d\u0151eszk\u00f6z<\/li>\n<\/ul>\n<p><strong>SZERSZ\u00c1MT\u00c1R<\/strong><\/p>\n<ul>\n<li><strong>AT030<\/strong> \u2013 30 f\u00e9r\u0151helyes szersz\u00e1mt\u00e1r<\/li>\n<\/ul>\n<p><strong>H\u0170T\u0150RENDSZEREK<\/strong><\/p>\n<ul>\n<li><strong>SD010<\/strong> \u2013 Teljes h\u0171t\u0151rendszer<\/li>\n<\/ul>\n<p><strong>NAGY TELJES\u00cdTM\u00c9NY\u0170\/NYOM\u00c1S\u00da H\u0170T\u00c9S<\/strong><\/p>\n<ul>\n<li><strong>CS225<\/strong> \u2013 Ors\u00f3n \u00e1tmen\u0151 h\u0171t\u00e9s (5 bar, 71 PSI)<\/li>\n<\/ul>\n<p><strong>GY\u00c1RT\u00c1S AUTOMATIZ\u00c1L\u00c1SI RENDSZEREK<\/strong><\/p>\n<ul>\n<li><strong>AS090<\/strong> \u2013 Automatikus be-\/kikapcsol\u00e1s + meleg\u00edt\u00e9s<\/li>\n<\/ul>\n<p><strong>M\u00c9R\u0150RENDSZEREK<\/strong><\/p>\n<ul>\n<li><strong>MT061<\/strong> \u2013 Automatikus szersz\u00e1mhossz\u00fas\u00e1g m\u00e9r\u00e9s &amp; megszak\u00edt\u00e1s \u00e9rz\u00e9kel\u00e9s<\/li>\n<\/ul>\n<p><strong>POZICION\u00c1L\u00d3 RENDSZER<\/strong><\/p>\n<ul>\n<li><strong>SF069<\/strong> \u2013 Abszol\u00fat pozicion\u00e1l\u00f3 rendszer<\/li>\n<\/ul>\n<p><strong>FORG\u00c1CSKIHORD\u00d3<\/strong><\/p>\n<ul>\n<li><strong>CV541<\/strong> \u2013 El\u0151k\u00e9sz\u00edt\u00e9s forg\u00e1cskihord\u00f3hoz (bal oldal)<\/li>\n<\/ul>\n<p>&nbsp;<\/p>\n<p><strong>NC VEZ\u00c9RL\u0150 \u2013 15 funkci\u00f3<\/strong><\/p>\n<p><strong>NC322<\/strong> \u2013 19\" sz\u00ednes LCD (\u00e9rint\u0151k\u00e9perny\u0151)<\/p>\n<p><strong>NO420<\/strong> \u2013 3-D koordin\u00e1ta konvert\u00e1l\u00e1s<\/p>\n<p><strong>MZ200<\/strong> \u2013 \u00c1thelyez\u00e9s \u00e9rz\u00e9kel\u0151<\/p>\n<p><strong>NO445<\/strong> \u2013 B) Alak kiegyenl\u00edt\u00e9s forg\u00f3 tengelyekre<\/p>\n<p><strong>NO098<\/strong> \u2013 EIA\/ISO k\u00f3d bev\u00e9teli funkci\u00f3 (szabv\u00e1nyos)<\/p>\n<p><strong>NO375<\/strong> \u2013 H\u00e1tt\u00e9r szersz\u00e1mp\u00e1lya ellen\u0151rz\u00e9s<\/p>\n<p><strong>NO827<\/strong> \u2013 LAN csatlakoz\u00f3<\/p>\n<p><strong>NO496<\/strong> \u2013 Magas sim\u00edt\u00e1s vez\u00e9rl\u00e9s<\/p>\n<p><strong>NO453<\/strong> \u2013 Mazak\u20112D szoftver (alak kiegyenl\u00edt\u00e9s)<\/p>\n<p><strong>NO456<\/strong> \u2013 Mazak\u20113D nagysebess\u00e9g\u0171 szoftvercsomag<\/p>\n<p><strong>NO454<\/strong> \u2013 Mazak menetf\u00far\u00e1s \/ el\u0151f\u00far\u00e1s Tornado (Mazatrol)<\/p>\n<p><strong>NC201<\/strong> \u2013 Mazatrol SmoothX CNC<\/p>\n<p><strong>MO827<\/strong> \u2013 Mozgathat\u00f3 kezel\u0151panel<\/p>\n<p><strong>NO838<\/strong> \u2013 SD mem\u00f3ria I\/F (1 aljzat) + USB I\/F (1 aljzat)<\/p>\n<p><strong>NP325<\/strong> \u2013 Smooth szabv\u00e1nyos szoftver<\/p>\n<p>&nbsp;<\/p>\n<p>&nbsp;<\/p>\n<p><strong>T\u00cdPUS<\/strong><\/p>\n<p><strong>VTC-800\/20SR \u2013 SmoothX<\/strong><\/p>\n<p>Alap g\u00e9p<\/p>\n<p><strong>BIZTONS\u00c1G, EG\u00c9SZS\u00c9G<\/strong><\/p>\n<ul>\n<li><strong>M0060<\/strong> \u2013 K\u00e9zi impulzus mozgat\u00e1s 1 (lev\u00e1laszthat\u00f3)<\/li>\n<\/ul>\n<p><strong>H\u0170T\u0150RENDSZEREK<\/strong><\/p>\n<ul>\n<li><strong>CS011<\/strong> \u2013 Munkadarab l\u00e9gsug\u00e1r<\/li>\n<\/ul>\n<p><strong>ASZTAL \/ PALETTA<\/strong><\/p>\n<ul>\n<li><strong>TI302<\/strong> \u2013 Konzol NC forg\u00f3asztal (DS50C) f\u00fcgg\u0151leges haszn\u00e1lathoz<\/li>\n<li><strong>TI301<\/strong> \u2013 NC forg\u00f3asztal (360.000 poz\u00edci\u00f3) DS50C-R1-Z<\/li>\n<\/ul>\n<p><strong>\u00a0<\/strong><\/p>\n<p><strong>\u00a0<\/strong><\/p>\n<p><strong>NC VEZ\u00c9RL\u0150 \u2013 SmoothX 5-tengelyes csomag<\/strong><\/p>\n<ul>\n<li><strong>NP326<\/strong> \u2013 5-tengelyes megmunk\u00e1l\u00e1s csomag SmoothX eset\u00e9n<\/li>\n<li><strong>NO116<\/strong> \u2013 EIA\/ISO szimul\u00e1lt 5-tengelyes megmunk\u00e1l\u00e1s funkci\u00f3<\/li>\n<li><strong>NO117<\/strong> \u2013 Szimult\u00e1n 5-tengelyes szersz\u00e1mcs\u00facs vez\u00e9rl\u00e9s<\/li>\n<li><strong>NO487<\/strong> \u2013 Finom g\u00f6rbe interpol\u00e1ci\u00f3, 5-tengelyes g\u00f6rbe interpol\u00e1ci\u00f3<\/li>\n<li><strong>NO072<\/strong> \u2013 Automatikus l\u00e9ptet\u00e9si ciklus terhel\u00e9s \u00e9rz\u00e9kel\u00e9ssel<\/li>\n<li><strong>NO442<\/strong> \u2013 B) G00 meredeks\u00e9g konstans<\/li>\n<li><strong>NO091<\/strong> \u2013 B) Szinkroniz\u00e1lt menetf\u00far\u00e1s<\/li>\n<li><strong>NO157<\/strong> \u2013 Maximum programm\u00e9ret: 8 MB<\/li>\n<\/ul>\n<p><strong>EGY\u00c9B FELSZERELTS\u00c9G<\/strong><\/p>\n<ul>\n<li><strong>CI001<\/strong> \u2013 Cromar r\u00e9szecske sz\u0171r\u0151s forg\u00e1cskihord\u00f3, 15 BAR-os magasnyom\u00e1s\u00fa h\u0171t\u00e9ssel<\/li>\n<li><strong>CI005<\/strong> \u2013 Blum r\u00e1di\u00f3s munkadarab bem\u00e9r\u0151 rendszer (vev\u0151egys\u00e9g + tapint\u00f3)<\/li>\n<\/ul>","protected":false},"featured_media":741,"comment_status":"closed","ping_status":"closed","template":"","meta":{"_acf_changed":false},"product_brand":[104],"product_cat":[39],"product_tag":[],"class_list":{"0":"post-737","1":"product","2":"type-product","3":"status-publish","4":"has-post-thumbnail","6":"product_brand-mazak","7":"product_cat-forgacsolo-gepek","9":"first","10":"instock","11":"taxable","12":"shipping-taxable","13":"product-type-simple"},"acf":[],"_links":{"self":[{"href":"https:\/\/wolfberg.eu\/de\/wp-json\/wp\/v2\/product\/737","targetHints":{"allow":["GET"]}}],"collection":[{"href":"https:\/\/wolfberg.eu\/de\/wp-json\/wp\/v2\/product"}],"about":[{"href":"https:\/\/wolfberg.eu\/de\/wp-json\/wp\/v2\/types\/product"}],"replies":[{"embeddable":true,"href":"https:\/\/wolfberg.eu\/de\/wp-json\/wp\/v2\/comments?post=737"}],"wp:featuredmedia":[{"embeddable":true,"href":"https:\/\/wolfberg.eu\/de\/wp-json\/wp\/v2\/media\/741"}],"wp:attachment":[{"href":"https:\/\/wolfberg.eu\/de\/wp-json\/wp\/v2\/media?parent=737"}],"wp:term":[{"taxonomy":"product_brand","embeddable":true,"href":"https:\/\/wolfberg.eu\/de\/wp-json\/wp\/v2\/product_brand?post=737"},{"taxonomy":"product_cat","embeddable":true,"href":"https:\/\/wolfberg.eu\/de\/wp-json\/wp\/v2\/product_cat?post=737"},{"taxonomy":"product_tag","embeddable":true,"href":"https:\/\/wolfberg.eu\/de\/wp-json\/wp\/v2\/product_tag?post=737"}],"curies":[{"name":"wp","href":"https:\/\/api.w.org\/{rel}","templated":true}]}}