{"id":713,"date":"2026-01-14T22:54:02","date_gmt":"2026-01-14T21:54:02","guid":{"rendered":"https:\/\/wolfberg.eu\/?post_type=product&#038;p=713"},"modified":"2026-01-15T14:41:50","modified_gmt":"2026-01-15T13:41:50","slug":"trumpf-trupunch-5000-s12","status":"publish","type":"product","link":"https:\/\/wolfberg.eu\/de\/produkt\/trumpf-trupunch-5000-s12\/","title":{"rendered":"TRUMPF TruPunch 5000 (S12)"},"content":{"rendered":"<p><strong>M\u0171szaki adatok<\/strong><\/p>\n<ul>\n<li>Munkater\u00fclet: 3050 \u00d7 1550 mm<\/li>\n<li>Stabil, j\u00f3l hozz\u00e1f\u00e9rhet\u0151 C\u2011keret<\/li>\n<li>Koordin\u00e1ta\u2011vezet\u00e9s a nagy pontoss\u00e1g\u00fa megmunk\u00e1l\u00e1shoz<\/li>\n<li>Line\u00e1ris szersz\u00e1mt\u00e1r 21 szersz\u00e1mhellyel \u00e9s 4 leszor\u00edt\u00f3 karmokkal<\/li>\n<li>Karbantart\u00e1smentes h\u00e1romf\u00e1zis\u00fa motorokkal hajtott tengelyek<\/li>\n<li>Ut\u00e1n\u00e1ll\u00edt\u00f3 egys\u00e9g programozhat\u00f3 leszor\u00edt\u00f3val<\/li>\n<li>Goly\u00f3s asztal<\/li>\n<li>500 \u00d7 500 mm\u2011es alkatr\u00e9szkidob\u00f3 ajt\u00f3<\/li>\n<li>80 \u00d7 50 mm\u2011es apr\u00f3alkatr\u00e9sz\u2011cs\u00faszda<\/li>\n<li>J\u00f3 alkatr\u00e9szek gy\u0171jt\u0151ed\u00e9nye<\/li>\n<li>Forg\u00e1csgy\u0171jt\u0151 tart\u00e1ly<\/li>\n<li>Automatikus le\u00e1ll\u00edt\u00e1s<\/li>\n<li>ToolMaster Linear ut\u00f3lagos felszerelhet\u0151s\u00e9ge<\/li>\n<\/ul>","protected":false},"excerpt":{"rendered":"<p><strong>Felszerelts\u00e9g<\/strong><\/p>\n<ul>\n<li>Fesz\u00fclts\u00e9g: 400 V<\/li>\n<li>Frekvencia: 50 Hz<\/li>\n<li>Elektromos el\u0151\u00edr\u00e1s: IEC<\/li>\n<li>Sz\u00edn: Standard<\/li>\n<li>Term\u00e9ksz\u00edn A: RAL\u2011Design 250 20 20 \u2013 k\u00e9k<\/li>\n<li>Term\u00e9ksz\u00edn B: NCS S 0505 R80B \u2013 feh\u00e9r<\/li>\n<\/ul>\n<p><strong>Produktivit\u00e1si csomag<\/strong><\/p>\n<ul>\n<li>MultiTool funkci\u00f3<\/li>\n<li>Szenzor a kisalkatr\u00e9sz\u2011cs\u00faszd\u00e1hoz<\/li>\n<li>Matricaken\u00e9s permetez\u00e9ssel, szintfel\u00fcgyelettel<\/li>\n<li>V\u00e1ltoztathat\u00f3 stancmarad\u00e9k\u2011elsz\u00edv\u00e1s<\/li>\n<\/ul>\n<p><strong>Stancmin\u0151s\u00e9gi csomag<\/strong><\/p>\n<ul>\n<li>MultiShear funkci\u00f3<\/li>\n<li>Sorj\u00e1z\u00f3- \u00e9s hengerl\u0151technol\u00f3gia<\/li>\n<li>Adapt\u00edv l\u00f6ketkalibr\u00e1l\u00e1s<\/li>\n<li>StripLine<\/li>\n<\/ul>\n<p><strong>Tov\u00e1bbi funkci\u00f3k \u00e9s opci\u00f3k<\/strong><\/p>\n<ul>\n<li>Grav\u00edroz\u00e1s funkci\u00f3<\/li>\n<li>Softpunch funkci\u00f3<\/li>\n<li>Akt\u00edv matrica\n<ul>\n<li>bele\u00e9rtve a kef\u00e9s alkatr\u00e9szkidob\u00f3 ajt\u00f3t alulr\u00f3l t\u00f6rt\u00e9n\u0151 jel\u00f6l\u00e9si funkci\u00f3val<\/li>\n<\/ul>\n<\/li>\n<li>Integr\u00e1lt egyenget\u00e9s<\/li>\n<li>Smart Punch Monitoring\n<ul>\n<li>stempel\u2011t\u00f6r\u00e9sfel\u00fcgyelet<\/li>\n<li>lemezform\u00e1tum\u2011felismer\u00e9s<\/li>\n<\/ul>\n<\/li>\n<li>Visszah\u00fazhat\u00f3 leszor\u00edt\u00f3k (4 darab) \u2013 1 k\u00e9szlet<\/li>\n<li>Ut\u00e1n\u00e1ll\u00edt\u00f3 henger<\/li>\n<li>Rezg\u00e9scsillap\u00edtott g\u00e9p\u00e1ll\u00edt\u00e1s<\/li>\n<li>T\u00e1vszerviz modemmel (internet helyett)<\/li>\n<li>TruPunch 5000 dokument\u00e1ci\u00f3<\/li>\n<li>RTC kazetta matricalemezzel egy\u00fctt 24 db-os<\/li>\n<\/ul>","protected":false},"featured_media":720,"comment_status":"closed","ping_status":"closed","template":"","meta":{"_acf_changed":false},"product_brand":[49],"product_cat":[32],"product_tag":[],"class_list":{"0":"post-713","1":"product","2":"type-product","3":"status-publish","4":"has-post-thumbnail","6":"product_brand-trumpf","7":"product_cat-stanc-kombigepek","9":"first","10":"instock","11":"taxable","12":"shipping-taxable","13":"product-type-simple"},"acf":[],"_links":{"self":[{"href":"https:\/\/wolfberg.eu\/de\/wp-json\/wp\/v2\/product\/713","targetHints":{"allow":["GET"]}}],"collection":[{"href":"https:\/\/wolfberg.eu\/de\/wp-json\/wp\/v2\/product"}],"about":[{"href":"https:\/\/wolfberg.eu\/de\/wp-json\/wp\/v2\/types\/product"}],"replies":[{"embeddable":true,"href":"https:\/\/wolfberg.eu\/de\/wp-json\/wp\/v2\/comments?post=713"}],"wp:featuredmedia":[{"embeddable":true,"href":"https:\/\/wolfberg.eu\/de\/wp-json\/wp\/v2\/media\/720"}],"wp:attachment":[{"href":"https:\/\/wolfberg.eu\/de\/wp-json\/wp\/v2\/media?parent=713"}],"wp:term":[{"taxonomy":"product_brand","embeddable":true,"href":"https:\/\/wolfberg.eu\/de\/wp-json\/wp\/v2\/product_brand?post=713"},{"taxonomy":"product_cat","embeddable":true,"href":"https:\/\/wolfberg.eu\/de\/wp-json\/wp\/v2\/product_cat?post=713"},{"taxonomy":"product_tag","embeddable":true,"href":"https:\/\/wolfberg.eu\/de\/wp-json\/wp\/v2\/product_tag?post=713"}],"curies":[{"name":"wp","href":"https:\/\/api.w.org\/{rel}","templated":true}]}}