{"id":687,"date":"2026-01-14T19:23:53","date_gmt":"2026-01-14T18:23:53","guid":{"rendered":"https:\/\/wolfberg.eu\/?post_type=product&#038;p=687"},"modified":"2026-01-14T21:50:05","modified_gmt":"2026-01-14T20:50:05","slug":"trumatic-3000-2","status":"publish","type":"product","link":"https:\/\/wolfberg.eu\/de\/produkt\/trumatic-3000-2\/","title":{"rendered":"TRUMPF TruMatic 3000 (K03)"},"content":{"rendered":"<ul>\n<li>Stancol\u00f3 er\u0151: 165 kN<\/li>\n<li>Megmunk\u00e1lhat\u00f3 lemezm\u00e9ret: (X, Y) 2500 mm x 1250 mm<\/li>\n<li>Maxim\u00e1lis megmunk\u00e1lhat\u00f3 lemezvastags\u00e1g: 3 mm<\/li>\n<li>Legnagyobb szersz\u00e1m \u00e1tm\u00e9r\u0151: 76,2 mm<\/li>\n<li>Legnagyobb alak\u00edt\u00e1si magass\u00e1g: 25 mm<\/li>\n<li>Legnagyobb hajl\u00edt\u00e1si hossz: 55 mm<\/li>\n<li>Forg\u00e1csmentes menetalak\u00edt\u00e1s: M2,5 - M8 m\u00e9retig<\/li>\n<li>L\u00e9zerteljes\u00edtm\u00e9ny: 2000W<\/li>\n<li>Szersz\u00e1mhelyek sz\u00e1ma: 18 db<\/li>\n<li>Szersz\u00e1m v\u00e1lt\u00e1si id\u0151 (egyes szersz\u00e1mn\u00e1l): 3,9 mp<\/li>\n<li>Szersz\u00e1m v\u00e1lt\u00e1si id\u0151 (MultiTooln\u00e1l): 2,2 mp<\/li>\n<li>Helyzetpontoss\u00e1g:\u00a0\u00b1 0,1 mm<\/li>\n<li>Ism\u00e9tl\u00e9si pontoss\u00e1g: \u00b10,03 mm<strong>\u00a0<\/strong><\/li>\n<\/ul>","protected":false},"excerpt":{"rendered":"<p>A t\u00f6k\u00e9letes fel\u00fcletmin\u0151s\u00e9g\u0171 alkatr\u00e9szek \u00e9rdek\u00e9ben a berendez\u00e9s kef\u00e9s asztallal \u00e9s az alak\u00edt\u00f3 szersz\u00e1mok k\u00f6r\u00fcli g\u00f6rg\u0151kkel van felszerelve.\u00a0A MultiTool szersz\u00e1mbefog\u00f3kkal ak\u00e1r 180-f\u00e9le alak\u00edt\u00f3szersz\u00e1m t\u00e1rol\u00e1s\u00e1ra is k\u00e9pes.\u00a0A l\u00e9zer-stanc kombi lemezmegmunk\u00e1l\u00f3 berendez\u00e9s a r\u00f6videbb gy\u00e1rt\u00e1si id\u0151nek \u00e9s a kisebb energiafelhaszn\u00e1l\u00e1snak k\u00f6sz\u00f6nhet\u0151en\u00a0alacsonyabb egy alkatr\u00e9szre jut\u00f3 k\u00f6lts\u00e9ggel k\u00e9pes termelni, mint a s\u00edk\u00e1gyas l\u00e9zerv\u00e1g\u00f3 g\u00e9pek, \u00edgy nagyobb gazdas\u00e1gi hat\u00e9konys\u00e1got biztos\u00edt.<\/p>\n<p>&nbsp;<\/p>\n<p>Kiv\u00e1l\u00f3an alkalmas\u00a0nagy volumen\u0171, komplex, bonyolult megmunk\u00e1l\u00e1st ig\u00e9nyl\u0151 lemezalkatr\u00e9szek\u00a0hat\u00e9kony el\u0151\u00e1ll\u00edt\u00e1s\u00e1ra.\u00a0A l\u00e9zerv\u00e1g\u00f3 fej seg\u00edts\u00e9g\u00e9vel bonyolult form\u00e1k is kiv\u00e1ghat\u00f3ak, alkalmas kiv\u00e1l\u00f3 min\u0151s\u00e9g\u0171 \u00e9lek v\u00e1g\u00e1s\u00e1ra, illetve akkor haszn\u00e1lhat\u00f3,\u00a0ha nem \u00e1ll rendelkez\u00e9sre a megfelel\u0151 profil\u00fa kiv\u00e1g\u00f3 szersz\u00e1m.<\/p>","protected":false},"featured_media":694,"comment_status":"closed","ping_status":"closed","template":"","meta":{"_acf_changed":false},"product_brand":[49],"product_cat":[32],"product_tag":[],"class_list":{"0":"post-687","1":"product","2":"type-product","3":"status-publish","4":"has-post-thumbnail","6":"product_brand-trumpf","7":"product_cat-stanc-kombigepek","9":"first","10":"instock","11":"taxable","12":"shipping-taxable","13":"product-type-simple"},"acf":[],"_links":{"self":[{"href":"https:\/\/wolfberg.eu\/de\/wp-json\/wp\/v2\/product\/687","targetHints":{"allow":["GET"]}}],"collection":[{"href":"https:\/\/wolfberg.eu\/de\/wp-json\/wp\/v2\/product"}],"about":[{"href":"https:\/\/wolfberg.eu\/de\/wp-json\/wp\/v2\/types\/product"}],"replies":[{"embeddable":true,"href":"https:\/\/wolfberg.eu\/de\/wp-json\/wp\/v2\/comments?post=687"}],"wp:featuredmedia":[{"embeddable":true,"href":"https:\/\/wolfberg.eu\/de\/wp-json\/wp\/v2\/media\/694"}],"wp:attachment":[{"href":"https:\/\/wolfberg.eu\/de\/wp-json\/wp\/v2\/media?parent=687"}],"wp:term":[{"taxonomy":"product_brand","embeddable":true,"href":"https:\/\/wolfberg.eu\/de\/wp-json\/wp\/v2\/product_brand?post=687"},{"taxonomy":"product_cat","embeddable":true,"href":"https:\/\/wolfberg.eu\/de\/wp-json\/wp\/v2\/product_cat?post=687"},{"taxonomy":"product_tag","embeddable":true,"href":"https:\/\/wolfberg.eu\/de\/wp-json\/wp\/v2\/product_tag?post=687"}],"curies":[{"name":"wp","href":"https:\/\/api.w.org\/{rel}","templated":true}]}}