{"id":621,"date":"2025-12-18T09:06:40","date_gmt":"2025-12-18T08:06:40","guid":{"rendered":"https:\/\/wolfberg.eu\/?post_type=product&#038;p=621"},"modified":"2025-12-18T09:09:50","modified_gmt":"2025-12-18T08:09:50","slug":"amada-hfe-2204m2","status":"publish","type":"product","link":"https:\/\/wolfberg.eu\/de\/produkt\/amada-hfe-2204m2\/","title":{"rendered":"AMADA\u00a0HFE-2204M2"},"content":{"rendered":"<ul>\n<li>AMADA HFE2204 \u00e9lhajl\u00edt\u00f3<\/li>\n<li>Pr\u00e9sel\u00e9si er\u0151: 220 t<\/li>\n<li>Hajl\u00edt\u00e1si hossz: 4 m<\/li>\n<li>H\u00e1ts\u00f3 \u00fctk\u00f6z\u0151: 4 tengelyes h\u00e1ts\u00f3 \u00fctk\u00f6z\u0151rendszer<\/li>\n<li>Befog\u00f3rendszer: Amada<\/li>\n<\/ul>","protected":false},"excerpt":{"rendered":"<p>AMADA HFE2204 \u00e9lhajl\u00edt\u00f3 Pr\u00e9sel\u00e9si er\u0151: 220 t Hajl\u00edt\u00e1si hossz: 4 m H\u00e1ts\u00f3 \u00fctk\u00f6z\u0151: 4 tengelyes h\u00e1ts\u00f3 \u00fctk\u00f6z\u0151rendszer Befog\u00f3rendszer: Amada<\/p>","protected":false},"featured_media":622,"comment_status":"open","ping_status":"closed","template":"","meta":{"_acf_changed":false},"product_brand":[90],"product_cat":[70,35,38],"product_tag":[],"class_list":{"0":"post-621","1":"product","2":"type-product","3":"status-publish","4":"has-post-thumbnail","6":"product_brand-amada","7":"product_cat-elhajlito","8":"product_cat-hajlitogepek","9":"product_cat-hasznalt-gepek","11":"first","12":"instock","13":"taxable","14":"shipping-taxable","15":"product-type-simple"},"acf":[],"_links":{"self":[{"href":"https:\/\/wolfberg.eu\/de\/wp-json\/wp\/v2\/product\/621","targetHints":{"allow":["GET"]}}],"collection":[{"href":"https:\/\/wolfberg.eu\/de\/wp-json\/wp\/v2\/product"}],"about":[{"href":"https:\/\/wolfberg.eu\/de\/wp-json\/wp\/v2\/types\/product"}],"replies":[{"embeddable":true,"href":"https:\/\/wolfberg.eu\/de\/wp-json\/wp\/v2\/comments?post=621"}],"wp:featuredmedia":[{"embeddable":true,"href":"https:\/\/wolfberg.eu\/de\/wp-json\/wp\/v2\/media\/622"}],"wp:attachment":[{"href":"https:\/\/wolfberg.eu\/de\/wp-json\/wp\/v2\/media?parent=621"}],"wp:term":[{"taxonomy":"product_brand","embeddable":true,"href":"https:\/\/wolfberg.eu\/de\/wp-json\/wp\/v2\/product_brand?post=621"},{"taxonomy":"product_cat","embeddable":true,"href":"https:\/\/wolfberg.eu\/de\/wp-json\/wp\/v2\/product_cat?post=621"},{"taxonomy":"product_tag","embeddable":true,"href":"https:\/\/wolfberg.eu\/de\/wp-json\/wp\/v2\/product_tag?post=621"}],"curies":[{"name":"wp","href":"https:\/\/api.w.org\/{rel}","templated":true}]}}