{"id":253,"date":"2025-10-29T13:06:37","date_gmt":"2025-10-29T12:06:37","guid":{"rendered":"https:\/\/wolfberg.eu\/?post_type=product&#038;p=253"},"modified":"2026-01-28T17:09:37","modified_gmt":"2026-01-28T16:09:37","slug":"schroder-mak-4-evo-ud-3200-60-panelhajlito","status":"publish","type":"product","link":"https:\/\/wolfberg.eu\/de\/produkt\/schroder-mak-4-evo-ud-3200-60-panelhajlito\/","title":{"rendered":"SCHR\u00d6DER MAK 4 EVO UD 3200 \/ 6,0 panelhajl\u00edt\u00f3"},"content":{"rendered":"<ul>\n<li>Hasznos hossz: 3240 mm<\/li>\n<li>Teljes\u00edtm\u00e9ny 400 N\/mm2-n\u00e9l: 6,00 mm<\/li>\n<li>Fels\u0151gerenda l\u00f6ket: 1030 mm<\/li>\n<li>Hajl\u00edt\u00f3gerenda-\u00e1ll\u00edt\u00e1s: 180 mm<\/li>\n<li>Fels\u0151gerenda hajt\u00e1si teljes\u00edtm\u00e9ny: 2x 9,45 kW<\/li>\n<li>Hajl\u00edt\u00f3gerenda hajt\u00e1si teljes\u00edtm\u00e9ny: 2x 9,42 kW<\/li>\n<\/ul>\n<p><strong>Fels\u0151gerenda<\/strong><\/p>\n<ul>\n<li>El\u0151lekapcsol\u00e1s fels\u0151gerend\u00e1n\u00e1l 15 mm-t\u0151l<\/li>\n<li>180\u00b0 geometria<\/li>\n<li>Hidraulikus szersz\u00e1mbefog\u00e1s (WZS 5000)<\/li>\n<\/ul>\n<p><strong>Hajl\u00edt\u00f3gerenda<\/strong><\/p>\n<ul>\n<li>Up\u2019n Down hajl\u00edt\u00f3gerenda, programvez\u00e9relt<\/li>\n<li>Pneumatikus szersz\u00e1mbefog\u00e1s WZS 7000<\/li>\n<li>Motoros hajl\u00edt\u00f3gerenda-\u00e1ll\u00edt\u00e1s 180 mm<\/li>\n<li>Motoros hajl\u00edt\u00e1si k\u00f6z\u00e9ppont-\u00e1ll\u00edt\u00e1s 100 mm<\/li>\n<li>Motoros k\u00f6zponti bomb\u00edroz\u00e1s<\/li>\n<\/ul>","protected":false},"excerpt":{"rendered":"<p><strong>Additional charge for:<\/strong><\/p>\n<ul>\n<li>Speed optimizer for Z-axis drive (Maximum axis speed: 120 mm\/s)<\/li>\n<li>Rotation center adjustment, drive controlled via frequency inverter<\/li>\n<\/ul>\n<p><strong>POS 3000 Options<\/strong><\/p>\n<ul>\n<li>Radius step bending function<\/li>\n<li>PC version (external programming), 1st license<\/li>\n<li>Remote maintenance (Connection via RJ45 network cable \u2013 to be provided by customer)<\/li>\n<\/ul>\n<p><strong>Stop Table<\/strong><\/p>\n<ul>\n<li>Suction plates integrated into the stop table, automatically controlled via POS 3000<\/li>\n<li>Rotation unit integrated into the stop table<\/li>\n<\/ul>\n<p><strong>Fully Automatic Tool Changer<\/strong><\/p>\n<ul>\n<li>Tool changer portal for upper tool changes with automatic tool changing system (WZS 6000) for maximum upper tool travel height of 400 mm (without tools)<\/li>\n<li>2 tool changers moving toward each other, each with one gripping unit (total of 8 axes)<\/li>\n<li>incl. enclosed safety fence with side door<\/li>\n<li>incl. climate control units on both control cabinets<\/li>\n<\/ul>\n<p><strong>Upper Beam Tools WZS 6000<\/strong><\/p>\n<ul>\n<li>Approx. 1000 N\/mm\u00b2 tensile strength, surface-hardened (gas nitrided) Gooseneck segment \u201cC\u201d for tool changer h = 400 mm, 30\u00b0, R 1.0, clearance 70 mm<\/li>\n<li>No. 1 \u2013 L = 2 \u00d7 (30, 35, 40, 45, 50, 55, 60) = 630 mm<\/li>\n<li>No. 2 \u2013 L = 80 mm (only emergency change quantity)<\/li>\n<li>No. 3 \u2013 L = 2 \u00d7 160 = 320 mm (corner pieces) Maximum sheet thickness: 1.5 mm stainless steel<\/li>\n<\/ul>\n<p><strong>Tools for Upper Changeable Segments WZS 6000<\/strong><\/p>\n<ul>\n<li>Approx. 1100 N\/mm\u00b2 tensile strength Per segment: 2 fold-out corner pieces, Per segment: 2 fold-out changeable pieces<\/li>\n<\/ul>\n<p><strong>Tools for the bending beam<\/strong><\/p>\n<p><strong>Bending Beam Tools WZS 7000, approx. 1100 N\/mm\u00b2 tensile strength<\/strong><br \/>\n<strong>Offset, segmented bending rail<\/strong><\/p>\n<ul>\n<li>Width (b): 65\/15 mm<\/li>\n<li>Height (h): 101\/81 mm<\/li>\n<li>No. 1 \u2013 Length: 2 \u00d7 (25, 30, 35, 40, 45, 50) = 450 mm<\/li>\n<li>No. 2 \u2013 Length: 14 \u00d7 200 mm<\/li>\n<li>No. 3 \u2013 Length: 1 \u00d7 150 mm<\/li>\n<li>Total length: 3250 mm<\/li>\n<li>Weight: 68.2 kg<\/li>\n<\/ul>\n<p><strong>Bending Beam Tools WZS 7000, approx. 1100 N\/mm\u00b2 tensile strength<\/strong><br \/>\n<strong>Offset, segmented bending rail<\/strong><\/p>\n<ul>\n<li>Width (b): 65\/40 mm<\/li>\n<li>Height (h): 101\/81 mm<\/li>\n<li>No. 1 \u2013 Length: 2 \u00d7 (25, 30, 35, 40, 45, 50) = 450 mm<\/li>\n<li>No. 2 \u2013 Length: 14 \u00d7 200 mm<\/li>\n<li>No. 3 \u2013 Length: 1 \u00d7 150 mm<\/li>\n<li>Total length: 3250 mm<\/li>\n<\/ul>\n<p><strong>Lower Beam Tools WZS 1000, approx. 1100 N\/mm\u00b2 tensile strength<\/strong><br \/>\n<strong>Lower beam rail \u201cUp and Down\u201d 30\u00b0, R 1.5<\/strong><\/p>\n<ul>\n<li>Segmented, bolted at the ends<\/li>\n<li>With finger milling slots<\/li>\n<li>Width (b): 117 mm<\/li>\n<li>Height (h): 69 mm<\/li>\n<li>Length: 3240 mm<\/li>\n<li>Weight: 160 kg<\/li>\n<\/ul>","protected":false},"featured_media":226,"comment_status":"open","ping_status":"closed","template":"","meta":{"_acf_changed":false},"product_brand":[56],"product_cat":[36],"product_tag":[],"class_list":{"0":"post-253","1":"product","2":"type-product","3":"status-publish","4":"has-post-thumbnail","6":"product_brand-schroder-2","7":"product_cat-panelhajlito","9":"first","10":"instock","11":"taxable","12":"shipping-taxable","13":"purchasable","14":"product-type-simple"},"acf":[],"_links":{"self":[{"href":"https:\/\/wolfberg.eu\/de\/wp-json\/wp\/v2\/product\/253","targetHints":{"allow":["GET"]}}],"collection":[{"href":"https:\/\/wolfberg.eu\/de\/wp-json\/wp\/v2\/product"}],"about":[{"href":"https:\/\/wolfberg.eu\/de\/wp-json\/wp\/v2\/types\/product"}],"replies":[{"embeddable":true,"href":"https:\/\/wolfberg.eu\/de\/wp-json\/wp\/v2\/comments?post=253"}],"wp:featuredmedia":[{"embeddable":true,"href":"https:\/\/wolfberg.eu\/de\/wp-json\/wp\/v2\/media\/226"}],"wp:attachment":[{"href":"https:\/\/wolfberg.eu\/de\/wp-json\/wp\/v2\/media?parent=253"}],"wp:term":[{"taxonomy":"product_brand","embeddable":true,"href":"https:\/\/wolfberg.eu\/de\/wp-json\/wp\/v2\/product_brand?post=253"},{"taxonomy":"product_cat","embeddable":true,"href":"https:\/\/wolfberg.eu\/de\/wp-json\/wp\/v2\/product_cat?post=253"},{"taxonomy":"product_tag","embeddable":true,"href":"https:\/\/wolfberg.eu\/de\/wp-json\/wp\/v2\/product_tag?post=253"}],"curies":[{"name":"wp","href":"https:\/\/api.w.org\/{rel}","templated":true}]}}