{"id":173,"date":"2025-10-29T12:14:47","date_gmt":"2025-10-29T11:14:47","guid":{"rendered":"https:\/\/wolfberg.eu\/?post_type=product&#038;p=173"},"modified":"2026-01-18T22:24:03","modified_gmt":"2026-01-18T21:24:03","slug":"trumpf-trulaser-5040-fiber-5kw-l69","status":"publish","type":"product","link":"https:\/\/wolfberg.eu\/de\/produkt\/trumpf-trulaser-5040-fiber-5kw-l69\/","title":{"rendered":"TRUMPF TruLaser 5040 (L69) fiber 5 kW"},"content":{"rendered":"<p><strong>T\u00e1blam\u00e9ret<\/strong><\/p>\n<ul>\n<li>X: 4000 mm<\/li>\n<li>Y: 2000 mm<\/li>\n<li>Z: 115 mm<\/li>\n<li>Max. munkadarab t\u00f6meg: 1700 kg<\/li>\n<\/ul>\n<p><strong>Gyorsas\u00e1g<\/strong><\/p>\n<ul>\n<li>Szimult\u00e1n (X \u00e9s Y): 245 m\/perc<\/li>\n<\/ul>\n<p><strong>Vez\u00e9rl\u00e9s Siemens Sinumerik 840D SL<\/strong><\/p>\n<p><strong>Sz\u00ednes k\u00e9perny\u0151<\/strong><\/p>\n<p><strong>USB interf\u00e9sz<\/strong><\/p>","protected":false},"excerpt":{"rendered":"<p><strong>Laser options:<\/strong><\/p>\n<ul>\n<li>Solid-state laser TruDisk 5001 with 1 laser output<\/li>\n<\/ul>\n<p><strong>Machine options:<\/strong><\/p>\n<ul>\n<li>Nozzle changer<\/li>\n<li>BrightLine fiber<\/li>\n<li>Dot Matrix Code<\/li>\n<\/ul>\n<p><strong>Automation options<\/strong><\/p>\n<p><strong>LoadMaster<\/strong><\/p>","protected":false},"featured_media":178,"comment_status":"open","ping_status":"closed","template":"","meta":{"_acf_changed":false},"product_brand":[49],"product_cat":[27],"product_tag":[],"class_list":{"0":"post-173","1":"product","2":"type-product","3":"status-publish","4":"has-post-thumbnail","6":"product_brand-trumpf","7":"product_cat-2d-lezervagogepek","9":"first","10":"instock","11":"taxable","12":"shipping-taxable","13":"purchasable","14":"product-type-simple"},"acf":[],"_links":{"self":[{"href":"https:\/\/wolfberg.eu\/de\/wp-json\/wp\/v2\/product\/173","targetHints":{"allow":["GET"]}}],"collection":[{"href":"https:\/\/wolfberg.eu\/de\/wp-json\/wp\/v2\/product"}],"about":[{"href":"https:\/\/wolfberg.eu\/de\/wp-json\/wp\/v2\/types\/product"}],"replies":[{"embeddable":true,"href":"https:\/\/wolfberg.eu\/de\/wp-json\/wp\/v2\/comments?post=173"}],"wp:featuredmedia":[{"embeddable":true,"href":"https:\/\/wolfberg.eu\/de\/wp-json\/wp\/v2\/media\/178"}],"wp:attachment":[{"href":"https:\/\/wolfberg.eu\/de\/wp-json\/wp\/v2\/media?parent=173"}],"wp:term":[{"taxonomy":"product_brand","embeddable":true,"href":"https:\/\/wolfberg.eu\/de\/wp-json\/wp\/v2\/product_brand?post=173"},{"taxonomy":"product_cat","embeddable":true,"href":"https:\/\/wolfberg.eu\/de\/wp-json\/wp\/v2\/product_cat?post=173"},{"taxonomy":"product_tag","embeddable":true,"href":"https:\/\/wolfberg.eu\/de\/wp-json\/wp\/v2\/product_tag?post=173"}],"curies":[{"name":"wp","href":"https:\/\/api.w.org\/{rel}","templated":true}]}}