{"id":167,"date":"2025-10-29T12:09:50","date_gmt":"2025-10-29T11:09:50","guid":{"rendered":"https:\/\/wolfberg.eu\/?post_type=product&#038;p=167"},"modified":"2026-01-14T22:41:39","modified_gmt":"2026-01-14T21:41:39","slug":"trumpf-trulaser-5030-fiber-5kw","status":"publish","type":"product","link":"https:\/\/wolfberg.eu\/de\/produkt\/trumpf-trulaser-5030-fiber-5kw\/","title":{"rendered":"TRUMPF TruLaser 5030 fiber 5kW"},"content":{"rendered":"<p><strong>G\u00e9p \u2013 Munkat\u00e9r<\/strong><\/p>\n<ul>\n<li>X-tengely: 3000 mm<\/li>\n<li>Y-tengely: 1500 mm<\/li>\n<li>Z-tengely: 115 mm<\/li>\n<li>Maxim\u00e1lis munkadarab s\u00faly: 1150 kg<\/li>\n<li>Sebess\u00e9g<\/li>\n<li>Pozicion\u00e1l\u00e1si sebess\u00e9g: 235 m\/min<\/li>\n<li>Pontoss\u00e1g<\/li>\n<li>Legkisebb programozhat\u00f3 elmozdul\u00e1s: 0.001 mm<\/li>\n<li>Pozicion\u00e1l\u00e1si pontoss\u00e1g: \u00b1 0.1 mm<\/li>\n<li>Ism\u00e9tl\u00e9si pontoss\u00e1g: \u00b1 0.03 mm<\/li>\n<li>Vez\u00e9rl\u00e9s<\/li>\n<li>TRUMPF CNC-vez\u00e9rl\u00e9s: Siemens Sinumerik 840D<\/li>\n<li>Mem\u00f3ria: 64 MB<\/li>\n<li>K\u00e9perny\u0151: 17\" TFT \u00e9rint\u0151k\u00e9perny\u0151<\/li>\n<li>USB-csatlakoz\u00f3: Igen<\/li>\n<li>Platform: PC Windows XPe-vel<\/li>\n<\/ul>","protected":false},"excerpt":{"rendered":"<ul>\n<li>TruDisk 5001 szil\u00e1rdtest l\u00e9zer egy \u00fcvegsz\u00e1lk\u00e1bel csatlakoz\u00e1ssal<\/li>\n<li>DetectLine<\/li>\n<li>Megfog\u00f3 k\u00f6rm\u00f6k (2 db) seg\u00e9dpalett\u00e1kn\u00e1l nem alkalmazhat\u00f3<\/li>\n<li>Baloldali betekint\u0151 ajt\u00f3 a nagyobb bel\u00e1that\u00f3s\u00e1g\u00e9rt<\/li>\n<\/ul>","protected":false},"featured_media":168,"comment_status":"open","ping_status":"closed","template":"","meta":{"_acf_changed":false},"product_brand":[49],"product_cat":[27],"product_tag":[],"class_list":{"0":"post-167","1":"product","2":"type-product","3":"status-publish","4":"has-post-thumbnail","6":"product_brand-trumpf","7":"product_cat-2d-lezervagogepek","9":"first","10":"instock","11":"taxable","12":"shipping-taxable","13":"purchasable","14":"product-type-simple"},"acf":[],"_links":{"self":[{"href":"https:\/\/wolfberg.eu\/de\/wp-json\/wp\/v2\/product\/167","targetHints":{"allow":["GET"]}}],"collection":[{"href":"https:\/\/wolfberg.eu\/de\/wp-json\/wp\/v2\/product"}],"about":[{"href":"https:\/\/wolfberg.eu\/de\/wp-json\/wp\/v2\/types\/product"}],"replies":[{"embeddable":true,"href":"https:\/\/wolfberg.eu\/de\/wp-json\/wp\/v2\/comments?post=167"}],"wp:featuredmedia":[{"embeddable":true,"href":"https:\/\/wolfberg.eu\/de\/wp-json\/wp\/v2\/media\/168"}],"wp:attachment":[{"href":"https:\/\/wolfberg.eu\/de\/wp-json\/wp\/v2\/media?parent=167"}],"wp:term":[{"taxonomy":"product_brand","embeddable":true,"href":"https:\/\/wolfberg.eu\/de\/wp-json\/wp\/v2\/product_brand?post=167"},{"taxonomy":"product_cat","embeddable":true,"href":"https:\/\/wolfberg.eu\/de\/wp-json\/wp\/v2\/product_cat?post=167"},{"taxonomy":"product_tag","embeddable":true,"href":"https:\/\/wolfberg.eu\/de\/wp-json\/wp\/v2\/product_tag?post=167"}],"curies":[{"name":"wp","href":"https:\/\/api.w.org\/{rel}","templated":true}]}}